{"id":10815,"date":"2025-06-04T16:42:07","date_gmt":"2025-06-04T14:42:07","guid":{"rendered":"https:\/\/zinegoak.com\/?page_id=10815"},"modified":"2025-06-26T11:52:06","modified_gmt":"2025-06-26T09:52:06","slug":"zgpro-2025","status":"publish","type":"page","link":"https:\/\/zinegoak.com\/EU\/zgpro-2025\/","title":{"rendered":"ZGPRO 2025"},"content":{"rendered":"<div class=\"wpb-content-wrapper\"><p>[vc_column][\/vc_column][vc_row][vc_column][vc_single_image image=&#8221;10277&#8243; img_size=&#8221;FULL&#8221; alignment=&#8221;center&#8221; css=&#8221;&#8221;][vc_column_text css=&#8221;&#8221;]<\/p>\n<p class=\"p1\"><span class=\"s1\">ZG PRO ekimena Zinegoak jaialdiak industria zinematografikoari eskaintzen dion esparrua da; zehazki, ikus-entzunezko LGTBIQ+ ekoizpenen berrikuntzari, ikerketari eta prestakuntzari. Funtsezko topagunea da sexu-, identitate- eta genero-aniztasunarekin loturiko zinemagintzan diharduten eragile eta espazioei ikusgaitasuna emateko, baita eragile horiek prestakuntza-esparru espezializatuetara hurbiltzeko ere. <\/span><\/p>\n<p class=\"p1\"><span class=\"s1\">Egia da azken urteetan queer zinema gehiago dagoela zirkuitu komertzialetan eta arrakasta handiz iristen dela ikus-entzuleengana zine-aretoen bitartez; hala eta guztiz ere, proiektu gehienentzat ezinezkoa da harresi hori zeharkatzea. Hori dela eta, 2024ko ZG PRO egitasmoak laguntza emango die aurten ere Euskal Herriko, Espainiako estatuko zein nazioarteko LGTBIQ+ zine-proiektuei.<\/span><\/p>\n<p class=\"p1\"><span class=\"s1\">Bide horretan, Europa Sur LGTBIQ+ Jaialdien Sarearen laguntza izango dugu; gogoan izan sare horren barruan daudela Queer Lisboa eta Queer Porto jaialdiak, Mix Milano, Parisko Ch\u00e9ries-ch\u00e9ris eta Zinegoak. <\/span><\/p>\n<p class=\"p1\"><span class=\"s1\">LGTBIQ+ Laborategien Estatuko Sarearen babesa ere badaukagu. Sarea honako hauek osatzen dute: Bartzelonako Mostra FIRE!!ko FIRE!! LABek; QueerCineLabek \u2013Fundaci\u00f3n Tri\u00e1nguloren jaialdiek osatua, hau da, Lesgaicinemad, Cinhomo, Andalesgai eta Fancinequeerrek\u2013; eta Zinegoakek. Donostiako Zinemaldiarekin batera, laborategi bakoitzak bigarren urtez segidan ZG PRO Industry SSIF saria emango dio bere gunean parte hartzen duen proiektuetako bati, eta, horrela, irabazi duten lanen ekoizleei bermatu egingo die Zinemaldiko industria-foroetan egoteko, parte hartzeko eta sartzeko aukera. Ekimen honen xedea aliantza bat sortzea da, LGTBIQ+ proiektuei ikusgaitasun handiagoa eta bultzada bat emateko. ZG PROn, saria kulturaren eta zinemagintzaren sektoreko hainbat eremutako profesionalek osatutako batzorde batek hautatzen du.<\/span><\/p>\n<p class=\"p1\"><span class=\"s1\">Horrez gain, gurekin izango dugu Incoproduction zine- eta telebista-proiektuetarako merkatu digitala. Aurten, gainera, lankidetza estuagoa izango dugu, ZG PRO Work in Progress plataformari esker (WIP) eta Music Library &amp; SFX -en babesarekin.<\/span><\/p>\n<p class=\"p1\"><span class=\"s1\">ZG PRO bi egunetan egingo da. Ekainaren 27an, ikus-entzunezkoen eta kulturaren sektoreko Euskal Herriko, Espainiako estatuko eta nazioarteko zenbait profesional entzutetsuk master classak eskainiko dituzte Azkuna Zentroko Bastida aretoan. Ekainaren 28an, berriz, ZG PRO LAB ekimena izango da, Azkuna Zentroko Iparragirre aretoan; zehazki, pitching formatuan aukeraturiko proiektuak aurkeztu, ekoizpen zinematografikoaren arloko bi hitzaldi garrantzitsu eskaini, eta ZG PRO epaimahaia osatzen duten pertsonekin one to one saioak egingo ditugu.<\/span><\/p>\n<p class=\"p1\"><span class=\"s1\">ZG PROko jarduerak ikus-entzule guztiei irekiak dira; nolanahi ere, arreta berezia eskaintzen zaie sektoreko profesionalei eta LGTBIQ+ kulturan oinarrituriko industria zinematografikoari buruzko prestakuntza jaso nahi duten ikasleei.<\/span><\/p>\n<p>[\/vc_column_text][vc_single_image image=&#8221;10852&#8243; img_size=&#8221;full&#8221; alignment=&#8221;center&#8221; css=&#8221;&#8221;][vc_row_inner][vc_column_inner width=&#8221;1\/4&#8243;][vc_single_image image=&#8221;10817&#8243; img_size=&#8221;full&#8221; alignment=&#8221;center&#8221; css=&#8221;&#8221;][\/vc_column_inner][vc_column_inner width=&#8221;1\/4&#8243;]<div class='team_member  '>\n\t<div class='avatar_holder'>\n\t\t<div class='hover_social'>\n\t\t\t<ul class='um_center_vertically'>\n\t\t\t\t\n\t\t\t<\/ul>\n\t\t<\/div>\n\t    \n\t<\/div>\n\t<h4><strong>Alejo Ducl\u00f3s<\/strong><\/h4>\n\t<h5><\/h5>\n\t<p><\/p>\n<p class=\"p1\"><span class=\"s1\">Artista eta komisarioa<\/span><\/p>\n<p><\/p>\n<\/div>[\/vc_column_inner][vc_column_inner width=&#8221;1\/4&#8243;][vc_single_image image=&#8221;10793&#8243; img_size=&#8221;full&#8221; alignment=&#8221;center&#8221; css=&#8221;&#8221;][\/vc_column_inner][vc_column_inner width=&#8221;1\/4&#8243;]<div class='team_member  '>\n\t<div class='avatar_holder'>\n\t\t<div class='hover_social'>\n\t\t\t<ul class='um_center_vertically'>\n\t\t\t\t\n\t\t\t<\/ul>\n\t\t<\/div>\n\t    \n\t<\/div>\n\t<h4><strong>Brigitte Baptiste<\/strong><\/h4>\n\t<h5><\/h5>\n\t<p><\/p>\n<p class=\"p1\"><span class=\"s1\">Queer ekologoa<\/span><\/p>\n<p><\/p>\n<\/div>[\/vc_column_inner][\/vc_row_inner][vc_row_inner][vc_column_inner width=&#8221;1\/4&#8243;][vc_single_image image=&#8221;10666&#8243; img_size=&#8221;full&#8221; alignment=&#8221;center&#8221; css=&#8221;&#8221;][\/vc_column_inner][vc_column_inner width=&#8221;1\/4&#8243;]<div class='team_member  '>\n\t<div class='avatar_holder'>\n\t\t<div class='hover_social'>\n\t\t\t<ul class='um_center_vertically'>\n\t\t\t\t\n\t\t\t<\/ul>\n\t\t<\/div>\n\t    \n\t<\/div>\n\t<h4><strong>David Velduque<\/strong><\/h4>\n\t<h5><\/h5>\n\t<p><\/p>\n<p class=\"p1\"><span class=\"s1\">Zuzendari eta sortzailea<\/span><\/p>\n<p><\/p>\n<\/div>[\/vc_column_inner][vc_column_inner width=&#8221;1\/4&#8243;][vc_single_image image=&#8221;10821&#8243; img_size=&#8221;full&#8221; alignment=&#8221;center&#8221; css=&#8221;&#8221;][\/vc_column_inner][vc_column_inner width=&#8221;1\/4&#8243;]<div class='team_member  '>\n\t<div class='avatar_holder'>\n\t\t<div class='hover_social'>\n\t\t\t<ul class='um_center_vertically'>\n\t\t\t\t\n\t\t\t<\/ul>\n\t\t<\/div>\n\t    \n\t<\/div>\n\t<h4><strong>EHGAM<\/strong><\/h4>\n\t<h5><\/h5>\n\t<p><\/p>\n<p class=\"p1\"><span class=\"s1\">Euskal Herriko Sexu Askapen Mugimendua<\/span><\/p>\n<p><\/p>\n<\/div>[\/vc_column_inner][\/vc_row_inner][vc_row_inner][vc_column_inner width=&#8221;1\/4&#8243;][vc_single_image image=&#8221;10670&#8243; img_size=&#8221;full&#8221; alignment=&#8221;center&#8221; css=&#8221;&#8221;][\/vc_column_inner][vc_column_inner width=&#8221;1\/4&#8243;]<div class='team_member  '>\n\t<div class='avatar_holder'>\n\t\t<div class='hover_social'>\n\t\t\t<ul class='um_center_vertically'>\n\t\t\t\t\n\t\t\t<\/ul>\n\t\t<\/div>\n\t    \n\t<\/div>\n\t<h4><strong>Emilio Papamija<\/strong><\/h4>\n\t<h5><\/h5>\n\t<p><\/p>\n<p class=\"p1\"><span class=\"s1\">Ikus-entzunezkoen inguruko <\/span><span class=\"s1\">aholkularia eta prestatzailea<\/span><\/p>\n<p><\/p>\n<\/div>[\/vc_column_inner][vc_column_inner width=&#8221;1\/4&#8243;][vc_single_image image=&#8221;10672&#8243; img_size=&#8221;full&#8221; alignment=&#8221;center&#8221; css=&#8221;&#8221;][\/vc_column_inner][vc_column_inner width=&#8221;1\/4&#8243;]<div class='team_member  '>\n\t<div class='avatar_holder'>\n\t\t<div class='hover_social'>\n\t\t\t<ul class='um_center_vertically'>\n\t\t\t\t\n\t\t\t<\/ul>\n\t\t<\/div>\n\t    \n\t<\/div>\n\t<h4><strong>Gabriela Wiener <\/strong><\/h4>\n\t<h5><\/h5>\n\t<p><\/p>\n<p class=\"p1\"><span class=\"s1\">Idazlea eta kazetaria<\/span><\/p>\n<p><\/p>\n<\/div>[\/vc_column_inner][\/vc_row_inner][vc_row_inner][vc_column_inner width=&#8221;1\/4&#8243;][vc_single_image image=&#8221;10795&#8243; img_size=&#8221;full&#8221; alignment=&#8221;center&#8221; css=&#8221;&#8221;][\/vc_column_inner][vc_column_inner width=&#8221;1\/4&#8243;]<div class='team_member  '>\n\t<div class='avatar_holder'>\n\t\t<div class='hover_social'>\n\t\t\t<ul class='um_center_vertically'>\n\t\t\t\t\n\t\t\t<\/ul>\n\t\t<\/div>\n\t    \n\t<\/div>\n\t<h4><strong>Jo\u00e3o Ferreira<\/strong><\/h4>\n\t<h5><\/h5>\n\t<p><\/p>\n<p class=\"p1\"><span class=\"s1\">Queer Lisboa zuzendaria <\/span><\/p>\n<p><\/p>\n<\/div>[\/vc_column_inner][vc_column_inner width=&#8221;1\/4&#8243;][vc_single_image image=&#8221;10673&#8243; img_size=&#8221;full&#8221; alignment=&#8221;center&#8221; css=&#8221;&#8221;][\/vc_column_inner][vc_column_inner width=&#8221;1\/4&#8243;]<div class='team_member  '>\n\t<div class='avatar_holder'>\n\t\t<div class='hover_social'>\n\t\t\t<ul class='um_center_vertically'>\n\t\t\t\t\n\t\t\t<\/ul>\n\t\t<\/div>\n\t    \n\t<\/div>\n\t<h4><strong>Colectivo La Morada<\/strong><\/h4>\n\t<h5><\/h5>\n\t<p><\/p>\n<p class=\"p1\"><span class=\"s1\">Feminista eta queer erabilera-lagapeneko etxebizitza-kooperatiba <\/span><\/p>\n<p><\/p>\n<\/div>[\/vc_column_inner][\/vc_row_inner][vc_row_inner][vc_column_inner width=&#8221;1\/4&#8243;][vc_single_image image=&#8221;10668&#8243; img_size=&#8221;full&#8221; alignment=&#8221;center&#8221; css=&#8221;&#8221;][\/vc_column_inner][vc_column_inner width=&#8221;1\/4&#8243;]<div class='team_member  '>\n\t<div class='avatar_holder'>\n\t\t<div class='hover_social'>\n\t\t\t<ul class='um_center_vertically'>\n\t\t\t\t\n\t\t\t<\/ul>\n\t\t<\/div>\n\t    \n\t<\/div>\n\t<h4><strong>Tatiana Romero<\/strong><\/h4>\n\t<h5><\/h5>\n\t<p><\/p>\n<p class=\"p1\"><span class=\"s1\">Aktibista eta historialari antiarrazista eta feminista<\/span><\/p>\n<p><\/p>\n<\/div>[\/vc_column_inner][vc_column_inner width=&#8221;1\/4&#8243;][\/vc_column_inner][vc_column_inner width=&#8221;1\/4&#8243;][\/vc_column_inner][\/vc_row_inner][vc_column_text css=&#8221;&#8221;][\/vc_column_text][vc_column_text css=&#8221;&#8221;]<\/p>\n<h1 style=\"text-align: center;\"><strong>Master Class<\/strong><\/h1>\n<p>[\/vc_column_text][vc_column_text css=&#8221;&#8221;][\/vc_column_text][vc_row_inner][vc_column_inner width=&#8221;1\/4&#8243;][vc_column_text css=&#8221;&#8221;]<strong>Ekainak 27<\/strong><\/p>\n<p>10:00<\/p>\n<p>Azkuna Zentroa<\/p>\n<p>Sala Bastida[\/vc_column_text][\/vc_column_inner][vc_column_inner width=&#8221;3\/4&#8243;][vc_column_text css=&#8221;&#8221;]<\/p>\n<h2 class=\"p1\"><b>Zinema-artxiboa: Begiradak Geroa oroimenetik<\/b><\/h2>\n<p><strong>&gt;&gt; Jo\u00e3o Ferreira, Alejo Ducl\u00f3s<\/strong><\/p>\n<p>Queer Lisboa eta Queer Oporto zinema-jaialdien zuzendari Jo\u00e3o Ferreiraren eta Memorias Sinverg\u00fcenzas proiektuaren arduradun Alejo Ducl\u00f3s artista eta komisarioaren arteko elkarrizketa bat. Solasaldi bat da, sexu- eta genero-disidentziaren komunitatearen orainak sortzean zinema-artxiboarekin lan egiteak duen garrantziari buruzkoa.<br \/>\nNola landu daiteke artxiboa jaialdietan? Zer estrategiarekin egin diezaiokegu aurre artxibo ofizialetan queer komunitatea ezabatu izanari? Nola konekta gaitezke berriz iraganarekin egungo erresistentzia-sarea ehuntzeko?[\/vc_column_text][\/vc_column_inner][\/vc_row_inner][vc_row_inner][vc_column_inner width=&#8221;1\/4&#8243;][vc_column_text css=&#8221;&#8221;]<strong>Ekainak 27<\/strong><\/p>\n<p>11:00<\/p>\n<p>Azkuna Zentroa<\/p>\n<p>Sala Bastida[\/vc_column_text][\/vc_column_inner][vc_column_inner width=&#8221;3\/4&#8243;][vc_column_text css=&#8221;&#8221;]<\/p>\n<h2>Denok trans<\/h2>\n<p><strong>&gt;&gt; Brigitte Baptiste<\/strong><\/p>\n<p>Brigitte Baptiste Kolonbiako ingurumen-aditu garrantzitsuenetako bat da, trans erreferente bat eta Brigitte, planeta B filmeko protagonista. Filmaren mundu mailako estreinaldia, hain zuzen, Alondegiko Golem zinemetan izango da, ekainaren 26an, 19:30ean. ZGPROn, queer ekologiaren alorrean egindako lana partekatuko du: naturak ezartzen zaizkion kategoria zurrunei desafio nola egiten dien aztertu du, frogatzeko sarri \u201cantinatural\u201d etiketa jartzen zaion hori, egiaz, bizitzaren soluzio original eta egokitzapenezkoenetako bat izaten dela.[\/vc_column_text][\/vc_column_inner][\/vc_row_inner][vc_row_inner][vc_column_inner width=&#8221;1\/4&#8243;][vc_column_text css=&#8221;&#8221;]<strong>Ekainak 27<\/strong><\/p>\n<p>12:00<\/p>\n<p>Azkuna Zentroa<\/p>\n<p>Sala Bastida[\/vc_column_text][\/vc_column_inner][vc_column_inner width=&#8221;3\/4&#8243;][vc_column_text css=&#8221;&#8221;]<\/p>\n<h2 class=\"p1\"><b>Sortu landu ahal izan kopulatu<\/b><\/h2>\n<p><strong>&gt;&gt; Gabriela Wiener<\/strong><\/p>\n<p>Kapitalismo zuri eta heterozentratuak borrokak eta identitateak irensten dituen honetan, hainbat erronka daude sorkuntza garaikiderako. Sudakasa-ren fundatzaileetako bat, Gabriela Wiener idazlea, hizketan izango dugu gurean, independenteenak ere gaur egun zer independentzia gutxi izaten duen jorratzeko, eta zer behar dagoen espazio komunitarioak, askotarikoak, antiarrazistak eta borrrokatzaileak sortzeko, elkarrekin artikulatzen direnak eraldaketa sozialeko agenda komun bat eraikitzeko bidean.[\/vc_column_text][\/vc_column_inner][\/vc_row_inner][vc_row_inner][vc_column_inner width=&#8221;1\/4&#8243;][vc_column_text css=&#8221;&#8221;]<strong>Ekainak 27<\/strong><\/p>\n<p>13:00<\/p>\n<p>Azkuna Zentroa<\/p>\n<p>Sala Bastida[\/vc_column_text][\/vc_column_inner][vc_column_inner width=&#8221;3\/4&#8243;][vc_column_text css=&#8221;&#8221;]<\/p>\n<h2 class=\"p1\"><b>Queer erresistentziak eta estimuak<\/b><\/h2>\n<p><strong>&gt;&gt; Tatiana Romero, David Velduque, EHGAM, Emilio Papamija<\/strong><\/p>\n<p>Merkatutik eta familiatik harago, laneko eta bizitzako egunerokoan sostengatzen gaituzten egitura \u00f1imi\u00f1o eta teilakatuak daude. Nola ari gara elkarrekiko espazioak eta queer auzoak sortzen? Nola lor dezakegu eragiteko gaitasun kolektiboa, disidentzientzat gero eta latzagoa den gizarte honetan? Tatiana Romero, Emilio Papamija, David Velduque eta EHGAMekin batera, zinemaren eta aktibismoaren hainbat posiziotatik aztertu nahi dugu nola sortu bizitza kolaboratiborako, gozagarrirako, erresistentziazkorako eta estimuz beterako baldintzak.[\/vc_column_text][\/vc_column_inner][\/vc_row_inner][vc_row_inner][vc_column_inner width=&#8221;1\/4&#8243;][vc_column_text css=&#8221;&#8221;]<strong>Ekainak 27<\/strong><\/p>\n<p>18:00<\/p>\n<p>La Sinsorga[\/vc_column_text][\/vc_column_inner][vc_column_inner width=&#8221;3\/4&#8243;][vc_column_text css=&#8221;&#8221;]<\/p>\n<h2 class=\"p1\"><b>Etxebizitza alternatiba komunitario, feminista eta queerrak sortzea<\/b><\/h2>\n<p><strong>&gt;&gt; Colectivo La Morada<\/strong><\/p>\n<p>La Morada erabilera-lagapeneko etxebizitza-kooperatiba feminista eta queer bat da, Bartzelonan kokatua. Nola lortu dute kolektiboan bizitzeko proiektu hau eraikitzea? La Moradak gogorarazten digu eguneroko bizitza espazio komun baten bidez partekatzea gakoa dela elkarrekiko mendekotasunari eta bizitzaren jasangarritasunari erantzuteko. Nola orekatu dute banakakoa eta kolektiboa? Zergatik aukeratu dute erabilera-lagapena, aukera alternatibo gisa? Nolakoa da lanak kolektibizatzea praktikan?[\/vc_column_text][\/vc_column_inner][\/vc_row_inner][\/vc_column][\/vc_row][vc_row][vc_column][vc_single_image image=&#8221;10853&#8243; img_size=&#8221;full&#8221; alignment=&#8221;center&#8221; css=&#8221;&#8221;][vc_column_text css=&#8221;&#8221;]<\/p>\n<p class=\"p1\">ZG PRO LAB 2025 jardunaldia aukeraturiko proiektuak pitching formatuan aurkezten hasiko dugu. ZG PRO sarietarako hautagaiak izango dira proiektu horiek, eta zinemaren sektoreko profesionalek eta Europa Sur LGTBIQ+ Jaialdien Sarearen ordezkari batek osaturiko epaimahai batek erabakiko ditu sariak. Goizeko saioaren amaieran, eskubideen kudeaketari eta zinema-ekoizpenari buruzko hitzaldi bat eskainiko du DAMAk, ikusentzunezko autoreen eskubideen bilketan, kudeaketan eta banaketan espezializaturiko Espainiako erakunde kudeatzaileak. Arratsaldean, one-to-one saioak izango ditugu, eta, amaitzeko, sariak banatuko ditugu.<\/p>\n<p>[\/vc_column_text][vc_row_inner][vc_column_inner width=&#8221;1\/3&#8243;][vc_btn title=&#8221;Epaimahaia&#8221; css=&#8221;&#8221; link=&#8221;url:%23jurade&#8221;][\/vc_column_inner][vc_column_inner width=&#8221;1\/3&#8243;][vc_btn title=&#8221;Sariak&#8221; css=&#8221;&#8221; link=&#8221;url:%23premios&#8221;][\/vc_column_inner][vc_column_inner width=&#8221;1\/3&#8243;][vc_btn title=&#8221;Proiektuak&#8221; css=&#8221;&#8221; link=&#8221;url:%23proyectos&#8221;][\/vc_column_inner][\/vc_row_inner][vc_column_text css=&#8221;&#8221;][\/vc_column_text][vc_column_text css=&#8221;&#8221;]<\/p>\n<h1 id=\"jurade\" style=\"text-align: center;\">Epaimahaia<\/h1>\n<p>[\/vc_column_text][vc_column_text css=&#8221;&#8221;][\/vc_column_text][vc_row_inner][vc_column_inner width=&#8221;1\/4&#8243;][vc_single_image image=&#8221;10785&#8243; css=&#8221;&#8221;][\/vc_column_inner][vc_column_inner width=&#8221;3\/4&#8243;][vc_column_text css=&#8221;&#8221;]<strong>Ainhoa Gonz\u00e1lez Sanchiz<\/strong><br \/>\nEuropa Creativa Desk MEDIA Euskadiren bulegoko arduraduna. Bertatik euskal zinemaren sustapenean parte hartu du eta Europako nazioarteko merkatu garrantzitsuenetan hartu du parte, eta Euskal Herriko eta Europako zinema arloko profesionalen artean berrikuntzako tailerrak eta jardunaldiak antolatu ditu.[\/vc_column_text][\/vc_column_inner][\/vc_row_inner][vc_row_inner][vc_column_inner width=&#8221;1\/4&#8243;][vc_single_image image=&#8221;10794&#8243; css=&#8221;&#8221;][\/vc_column_inner][vc_column_inner width=&#8221;3\/4&#8243;][vc_column_text css=&#8221;&#8221;]<strong>Gorka Garc\u00eda Peral<\/strong><br \/>\nKazetaritzan lizentziatua da eta ondoren, ikus-entzunezko gidoiari buruzko masterra garatu zuen. Lan-ibilbideari dagokionez, Deia egunkarian izan zen bekadun 1995ean, eta jarraian, errealizadore izan zen Euskal Telebistan 1997ean. 2003 eta 2007.urte bitartean Euskal Telebistan Arlo Artistikoen koordinatzaile jardun zen. 2007tik 2013ra Euskal Telebistan Zuzendariorde Artistikoa izan zen, eta 2013 geroztik Euskal Telebistako Programa eta Arte Zuzendaria da.[\/vc_column_text][\/vc_column_inner][\/vc_row_inner][vc_row_inner][vc_column_inner width=&#8221;1\/4&#8243;][vc_single_image image=&#8221;10800&#8243; css=&#8221;&#8221;][\/vc_column_inner][vc_column_inner width=&#8221;3\/4&#8243;][vc_column_text css=&#8221;&#8221;]<strong>Ione Feijoo<\/strong><br \/>\nGiza Zientziak eta Komunikazioan lizentziaduna eta Marketing eta Salmenta Zuzendaritzako masterra. 2022an Zineuskadin lanean hasi zen besteak beste, Basque.Audiovisual markaren nazioarteko marketinga, komunikazioa eta garapena garatzeko.[\/vc_column_text][\/vc_column_inner][\/vc_row_inner][vc_row_inner][vc_column_inner width=&#8221;1\/4&#8243;][vc_single_image image=&#8221;10795&#8243; css=&#8221;&#8221;][\/vc_column_inner][vc_column_inner width=&#8221;3\/4&#8243;][vc_column_text css=&#8221;&#8221;]<strong>Jo\u00e3o Ferreira<\/strong><br \/>\nDiseinuan lizentziaduna eta Antzerki Ikasketetan masterduna. Queer Lisboako zuzendari artistikoa 2004tik. Coimbrako Unibertsitatean Arte Ikasketetako irakasle aritu zen 2006 eta 2015 artean. Epaimahaikide ere izan da Berlinalen, Cannesen eta Bilboko, Turineko, Pragako, Vienako, S\u00e3o Pauloko eta Palermoko queer zinemaldietan. Queer Film and Culture eta O v\u00edrus- cinema: cinema queer e VIH\/sida liburuen editoreetako bat da. 2022tik, New Dawn ekoizpen-funtseko epaimahaiko kidea da.[\/vc_column_text][\/vc_column_inner][\/vc_row_inner][vc_row_inner][vc_column_inner width=&#8221;1\/4&#8243;][vc_single_image image=&#8221;10796&#8243; css=&#8221;&#8221;][\/vc_column_inner][vc_column_inner width=&#8221;3\/4&#8243;][vc_column_text css=&#8221;&#8221;]<strong>Jorge Garrido<\/strong><br \/>\nApoyo Positivo-ko zuzendari exekutiboa eta erakunde horren Algo Est\u00e1 Pasando sormen-hubaren koordinatzailea. Espainiako estatuko komunitate-koordinatzailea da Fast Track Cities ekimenean. Terapeuta da, erakunde sozialen kudeaketan eta komunikazio sozialean aditua. Esperientzia handia du dibertsitatearen, osasun sexual eta publikoaren eta sexu- eta ugalketa-eskubideen alorrean.[\/vc_column_text][\/vc_column_inner][\/vc_row_inner][vc_row_inner][vc_column_inner width=&#8221;1\/4&#8243;][vc_single_image image=&#8221;10797&#8243; css=&#8221;&#8221;][\/vc_column_inner][vc_column_inner width=&#8221;3\/4&#8243;][vc_column_text css=&#8221;&#8221;]<strong>Mar Canet<\/strong><br \/>\nLa Casa del Cine Bartzelonako eskolaren fundatzailea eta zuzendaria da. Zuzendari exekutiboa da hainbat jaialditan goretsitako zenbait film egin dituen The New Flesh ekoiztetxean. Bartzelonako Americana Ipar Amerikako Zinema Independentearen Jaialdiko sortzaileetako bat da, Vilafranca del Pened\u00e8s-eko Most Festival International de Cinema del Vi Jaialdiko koordinatzailea, D\u2019A jaialdiko kolaboratzailea eta Bartzelonako FIRE!! Mostra LGTBIQ+-ko programatzailea.[\/vc_column_text][\/vc_column_inner][\/vc_row_inner][\/vc_column][\/vc_row][vc_row][vc_column][vc_column_text css=&#8221;&#8221;]<\/p>\n<h1 id=\"premios\" style=\"text-align: center;\">Sariak<\/h1>\n<p>[\/vc_column_text][vc_column_text css=&#8221;&#8221;]<\/p>\n<p class=\"p1\"><b>ZG PRO Laborategia Saria <\/b><\/p>\n<p class=\"p1\"><b>(1.000 \u20ac)<\/b><\/p>\n<p class=\"p3\"><span class=\"s1\">ZG PRO LAB 2025ko proiekturik aipagarrienarentzat.<\/span><\/p>\n<p class=\"p4\">&#8211;<\/p>\n<p class=\"p1\"><b>Music Library ZG PRO Saria <\/b><\/p>\n<p class=\"p6\"><span class=\"s1\">Music Library &amp; SFX-k babestua. AudioNetwork eta AltMusic ekoizpen-katalogoetan sartzeko tarifa finkoa, 360\u00ba musikaikuskapeneko zerbitzuak, musika komertzialen eskubideak negoziatzeko karguen gaineko deskontuak, eta estudioak eta SFX erabiltzeko aukera (1.500 \u20ac-ko balioa du sari honek). <\/span><\/p>\n<p class=\"p7\">&#8211;<\/p>\n<p class=\"p1\"><b>Industry SSIFF ZG PRO Saria<\/b><\/p>\n<p class=\"p6\"><span class=\"s1\">Espainiako Estatuko LGTBIQ+ Laborategien Sarearen eta SSIFFaren arteko ekimen bat da. Bidaia-poltsa bat, akreditazioa, lekualdatzeak eta lo egiteko tokia Zinemaldiaren bi egunetan, eta zenbait Ekoiztetxea eta industria agenterekiko bilera sorta bat.<\/span><\/p>\n<p>[\/vc_column_text][\/vc_column][\/vc_row][vc_row][vc_column][vc_column_text css=&#8221;&#8221;]<\/p>\n<h1 id=\"proyectos\" style=\"text-align: center;\">Proiektuak<\/h1>\n<p>[\/vc_column_text][vc_basic_grid post_type=&#8221;post&#8221; max_items=&#8221;5&#8243; item=&#8221;315&#8243; css=&#8221;&#8221; grid_id=&#8221;vc_gid:1750931485932-bb9fb040-3071-3&#8243; taxonomies=&#8221;282&#8243;][\/vc_column][\/vc_row]<\/p>\n<\/div>","protected":false},"excerpt":{"rendered":"<p>[vc_column][\/vc_column][vc_row][vc_column][vc_single_image image=&#8221;10277&#8243; img_size=&#8221;FULL&#8221; alignment=&#8221;center&#8221; css=&#8221;&#8221;][vc_column_text css=&#8221;&#8221;] ZG PRO ekimena Zinegoak jaialdiak industria zinematografikoari eskaintzen dion esparrua da; zehazki, ikus-entzunezko LGTBIQ+ ekoizpenen berrikuntzari, ikerketari eta prestakuntzari. Funtsezko topagunea da sexu-, identitate- eta genero-aniztasunarekin loturiko zinemagintzan diharduten eragile eta espazioei ikusgaitasuna emateko, baita eragile horiek prestakuntza-esparru espezializatuetara hurbiltzeko ere. Egia da azken urteetan queer zinema gehiago dagoela [&hellip;]<\/p>\n","protected":false},"author":1,"featured_media":0,"parent":0,"menu_order":0,"comment_status":"closed","ping_status":"closed","template":"","meta":{"footnotes":""},"class_list":["post-10815","page","type-page","status-publish","hentry"],"_links":{"self":[{"href":"https:\/\/zinegoak.com\/EU\/wp-json\/wp\/v2\/pages\/10815","targetHints":{"allow":["GET"]}}],"collection":[{"href":"https:\/\/zinegoak.com\/EU\/wp-json\/wp\/v2\/pages"}],"about":[{"href":"https:\/\/zinegoak.com\/EU\/wp-json\/wp\/v2\/types\/page"}],"author":[{"embeddable":true,"href":"https:\/\/zinegoak.com\/EU\/wp-json\/wp\/v2\/users\/1"}],"replies":[{"embeddable":true,"href":"https:\/\/zinegoak.com\/EU\/wp-json\/wp\/v2\/comments?post=10815"}],"version-history":[{"count":14,"href":"https:\/\/zinegoak.com\/EU\/wp-json\/wp\/v2\/pages\/10815\/revisions"}],"predecessor-version":[{"id":10999,"href":"https:\/\/zinegoak.com\/EU\/wp-json\/wp\/v2\/pages\/10815\/revisions\/10999"}],"wp:attachment":[{"href":"https:\/\/zinegoak.com\/EU\/wp-json\/wp\/v2\/media?parent=10815"}],"curies":[{"name":"wp","href":"https:\/\/api.w.org\/{rel}","templated":true}]}}