{"id":3204,"date":"2018-02-08T07:51:35","date_gmt":"2018-02-08T07:51:35","guid":{"rendered":"https:\/\/zinegoak.com\/?page_id=3204"},"modified":"2025-06-09T17:53:07","modified_gmt":"2025-06-09T15:53:07","slug":"staff","status":"publish","type":"page","link":"https:\/\/zinegoak.com\/EU\/staff\/","title":{"rendered":"STAFF"},"content":{"rendered":"<div class=\"wpb-content-wrapper\"><p>[vc_row][vc_column css=&#8221;.vc_custom_1549133376420{background-position: 0 0 !important;background-repeat: no-repeat !important;}&#8221;][vc_single_image image=&#8221;10473&#8243; img_size=&#8221;full&#8221; alignment=&#8221;center&#8221; css=&#8221;&#8221;][vc_column_text]<\/p>\n<h1 style=\"text-align: center;\"><\/h1>\n<h1 style=\"text-align: center;\">STAFF<\/h1>\n<p>[\/vc_column_text][\/vc_column][\/vc_row][vc_row][vc_column][vc_column_text css=&#8221;&#8221;]<\/p>\n<p class=\"p1\"><b>Alaitz Arenzana Letamendi<\/b><\/p>\n<p class=\"p2\"><span class=\"s1\">zuzendaria<\/span><\/p>\n<p class=\"p1\"><b>Ana\u00eds C\u00f3rdova-P\u00e1ez<\/b><\/p>\n<p class=\"p2\"><span class=\"s1\">programazioa eta produkzioa<\/span><\/p>\n<p class=\"p1\"><b>Bea Majuelo<\/b><\/p>\n<p class=\"p2\"><span class=\"s1\">ZineGogoak<\/span><\/p>\n<p class=\"p1\"><b>Bitart New Media<\/b><\/p>\n<p class=\"p2\"><span class=\"s1\">azpitituluak eta trinkotzea<\/span><\/p>\n<p class=\"p1\"><b>Carlos Loureda<\/b><\/p>\n<p class=\"p2\"><span class=\"s1\">film luzeen programazioa<\/span><\/p>\n<p class=\"p1\"><b>Ibai Sarasua Garc\u00eda<\/b><\/p>\n<p class=\"p2\"><span class=\"s1\">eus itzulpenak<\/span><\/p>\n<p class=\"p1\"><b>Ines Bermejo Larra\u00f1aga<\/b><\/p>\n<p class=\"p2\"><span class=\"s1\">boluntarioak, gazte &amp; senior <\/span><span class=\"s1\">epaimahaiak<\/span><\/p>\n<p class=\"p1\"><b>Ion Zubizarreta<\/b><\/p>\n<p class=\"p2\"><span class=\"s1\">euskarazko azpitituluak<\/span><\/p>\n<p class=\"p1\"><b>Itxaso Gonz\u00e1lez (DOXA)<\/b><\/p>\n<p class=\"p2\"><span class=\"s1\">ZG Hedapena<\/span><\/p>\n<p class=\"p1\"><b>Jos\u00e9 Antonio Moya Calder\u00f3n<\/b><\/p>\n<p class=\"p2\"><span class=\"s1\">en-gaz itzulpenak<\/span><\/p>\n<p class=\"p1\"><b>Julen Nafarrate Aurrekoetxea<\/b><\/p>\n<p class=\"p2\"><span class=\"s1\">komunikazioa &amp; prentsa<\/span><\/p>\n<p class=\"p1\"><b>Lander Telletxea Armendariz<\/b><\/p>\n<p class=\"p2\"><span class=\"s1\">film laburren programazioa, katalogoa eta diseinu grafikoa-web<\/span><\/p>\n<p class=\"p1\"><b>Marina Gallardo Izquierdo<\/b><\/p>\n<p class=\"p2\"><span class=\"s1\">argazkiak<\/span><\/p>\n<p class=\"p1\"><b>Maren Gonz\u00e1lez Zubeldia<\/b><\/p>\n<p class=\"p2\"><span class=\"s1\">film laburren programazioa eta produkzioa<\/span><\/p>\n<p class=\"p1\"><b>Marta Bermejo<\/b><\/p>\n<p class=\"p2\"><span class=\"s1\">ingeleseko interpretea<\/span><\/p>\n<p class=\"p1\"><b>Marta Garc\u00eda<\/b><\/p>\n<p class=\"p2\"><span class=\"s1\">katalogoa<\/span><\/p>\n<p class=\"p1\"><b>Meri Salazar Ria\u00f1o<\/b><\/p>\n<p class=\"p2\"><span class=\"s1\">produkzio arduraduna eta trafikoa<\/span><\/p>\n<p class=\"p1\"><b>Pau G. Guill\u00e9n<\/b><\/p>\n<p class=\"p2\"><span class=\"s1\">programazioaren koordinatzailea eta trafikoa<\/span><\/p>\n<p class=\"p1\"><b>Pedro Andrade<\/b><\/p>\n<p class=\"p2\"><span class=\"s1\">administrazioa<\/span><\/p>\n<p class=\"p1\"><b>Pello Maudo<\/b><\/p>\n<p class=\"p2\"><span class=\"s1\">film laburren programazioa eta ikus-entzunezkoen edizioa<\/span><\/p>\n<p class=\"p1\"><b>Sinkro Subtitling<\/b><\/p>\n<p class=\"p2\"><span class=\"s1\">azpitituluak<\/span><\/p>\n<p class=\"p6\"><span class=\"s1\">Eskerrik asko jaialdia posible egiten duten elkarte, eragile eta boluntario guztiei.<\/span><\/p>\n<p>[\/vc_column_text][\/vc_column][\/vc_row]<\/p>\n<\/div>","protected":false},"excerpt":{"rendered":"<p>[vc_row][vc_column css=&#8221;.vc_custom_1549133376420{background-position: 0 0 !important;background-repeat: no-repeat !important;}&#8221;][vc_single_image image=&#8221;10473&#8243; img_size=&#8221;full&#8221; alignment=&#8221;center&#8221; css=&#8221;&#8221;][vc_column_text] STAFF [\/vc_column_text][\/vc_column][\/vc_row][vc_row][vc_column][vc_column_text css=&#8221;&#8221;] Alaitz Arenzana Letamendi zuzendaria Ana\u00eds C\u00f3rdova-P\u00e1ez programazioa eta produkzioa Bea Majuelo ZineGogoak Bitart New Media azpitituluak eta trinkotzea Carlos Loureda film luzeen programazioa Ibai Sarasua Garc\u00eda eus itzulpenak Ines Bermejo Larra\u00f1aga boluntarioak, gazte &amp; senior epaimahaiak Ion Zubizarreta euskarazko azpitituluak Itxaso [&hellip;]<\/p>\n","protected":false},"author":1,"featured_media":0,"parent":0,"menu_order":0,"comment_status":"closed","ping_status":"closed","template":"","meta":{"footnotes":""},"class_list":["post-3204","page","type-page","status-publish","hentry"],"_links":{"self":[{"href":"https:\/\/zinegoak.com\/EU\/wp-json\/wp\/v2\/pages\/3204","targetHints":{"allow":["GET"]}}],"collection":[{"href":"https:\/\/zinegoak.com\/EU\/wp-json\/wp\/v2\/pages"}],"about":[{"href":"https:\/\/zinegoak.com\/EU\/wp-json\/wp\/v2\/types\/page"}],"author":[{"embeddable":true,"href":"https:\/\/zinegoak.com\/EU\/wp-json\/wp\/v2\/users\/1"}],"replies":[{"embeddable":true,"href":"https:\/\/zinegoak.com\/EU\/wp-json\/wp\/v2\/comments?post=3204"}],"version-history":[{"count":13,"href":"https:\/\/zinegoak.com\/EU\/wp-json\/wp\/v2\/pages\/3204\/revisions"}],"predecessor-version":[{"id":10913,"href":"https:\/\/zinegoak.com\/EU\/wp-json\/wp\/v2\/pages\/3204\/revisions\/10913"}],"wp:attachment":[{"href":"https:\/\/zinegoak.com\/EU\/wp-json\/wp\/v2\/media?parent=3204"}],"curies":[{"name":"wp","href":"https:\/\/api.w.org\/{rel}","templated":true}]}}