{"id":6988,"date":"2021-12-15T12:50:37","date_gmt":"2021-12-15T11:50:37","guid":{"rendered":"https:\/\/zinegoak.com\/?page_id=6988"},"modified":"2023-11-09T13:24:19","modified_gmt":"2023-11-09T12:24:19","slug":"zghedapena2023","status":"publish","type":"page","link":"https:\/\/zinegoak.com\/EU\/zghedapena2023\/","title":{"rendered":"ZGHEDAPENA2023"},"content":{"rendered":"<div class=\"wpb-content-wrapper\"><p>[vc_row][vc_column][vc_column_text]<\/p>\n<h1 style=\"text-align: center;\">IZEN-EMATEA<\/h1>\n<p>[\/vc_column_text][\/vc_column][\/vc_row][vc_row][vc_column]\n<div class=\"wpcf7 no-js\" id=\"wpcf7-f5902-o2\" lang=\"es-ES\" dir=\"ltr\" data-wpcf7-id=\"5902\">\n<div class=\"screen-reader-response\"><p role=\"status\" aria-live=\"polite\" aria-atomic=\"true\"><\/p> <ul><\/ul><\/div>\n<form action=\"\/EU\/wp-json\/wp\/v2\/pages\/6988#wpcf7-f5902-o2\" method=\"post\" class=\"wpcf7-form init\" aria-label=\"Contact form\" novalidate=\"novalidate\" data-status=\"init\">\n<div style=\"display: none;\">\n<input type=\"hidden\" name=\"_wpcf7\" value=\"5902\" \/>\n<input type=\"hidden\" name=\"_wpcf7_version\" value=\"6.0.4\" \/>\n<input type=\"hidden\" name=\"_wpcf7_locale\" value=\"es_ES\" \/>\n<input type=\"hidden\" name=\"_wpcf7_unit_tag\" value=\"wpcf7-f5902-o2\" \/>\n<input type=\"hidden\" name=\"_wpcf7_container_post\" value=\"0\" \/>\n<input type=\"hidden\" name=\"_wpcf7_posted_data_hash\" value=\"\" \/>\n<\/div>\n<p><label> Herria - Municipio (obligatorio)<br \/>\n<span class=\"wpcf7-form-control-wrap\" data-name=\"herria\"><input size=\"40\" maxlength=\"400\" class=\"wpcf7-form-control wpcf7-text wpcf7-validates-as-required\" aria-required=\"true\" aria-invalid=\"false\" value=\"\" type=\"text\" name=\"herria\" \/><\/span> <\/label>\n<\/p>\n<p><label>Biztanleak - N\u00ba de habitantes (obligatorio)<br \/>\n<span class=\"wpcf7-form-control-wrap\" data-name=\"biztanleak\"><input size=\"40\" maxlength=\"400\" class=\"wpcf7-form-control wpcf7-text wpcf7-validates-as-required\" aria-required=\"true\" aria-invalid=\"false\" value=\"\" type=\"text\" name=\"biztanleak\" \/><\/span> <\/label>\n<\/p>\n<p><label>e-posta - email (obligatorio)<br \/>\n<span class=\"wpcf7-form-control-wrap\" data-name=\"eposta\"><input size=\"40\" maxlength=\"400\" class=\"wpcf7-form-control wpcf7-email wpcf7-validates-as-required wpcf7-text wpcf7-validates-as-email\" aria-required=\"true\" aria-invalid=\"false\" value=\"\" type=\"email\" name=\"eposta\" \/><\/span> <\/label>\n<\/p>\n<p><label>Telefonoa - Tel\u00e9fono (obligatorio)<br \/>\n<span class=\"wpcf7-form-control-wrap\" data-name=\"telefonoa\"><input size=\"40\" maxlength=\"400\" class=\"wpcf7-form-control wpcf7-text wpcf7-validates-as-required\" aria-required=\"true\" aria-invalid=\"false\" value=\"\" type=\"text\" name=\"telefonoa\" \/><\/span> <\/label>\n<\/p>\n<p><label>Emanaldirako hautatutako datak - Fechas elegidas para las proyecciones<br \/>\n<span class=\"wpcf7-form-control-wrap\" data-name=\"datak\"><input size=\"40\" maxlength=\"400\" class=\"wpcf7-form-control wpcf7-text\" aria-invalid=\"false\" value=\"\" type=\"text\" name=\"datak\" \/><\/span> <\/label>\n<\/p>\n<p><label>Ordua - Horario<br \/>\n<span class=\"wpcf7-form-control-wrap\" data-name=\"Ordua\"><input size=\"40\" maxlength=\"400\" class=\"wpcf7-form-control wpcf7-text\" aria-invalid=\"false\" value=\"\" type=\"text\" name=\"Ordua\" \/><\/span> <\/label>\n<\/p>\n<p><label>Aretoa - Sala<br \/>\n<span class=\"wpcf7-form-control-wrap\" data-name=\"Aretoa\"><input size=\"40\" maxlength=\"400\" class=\"wpcf7-form-control wpcf7-text\" aria-invalid=\"false\" value=\"\" type=\"text\" name=\"Aretoa\" \/><\/span> <\/label>\n<\/p>\n<p>Saioa<br \/>\n<span class=\"wpcf7-form-control-wrap\" data-name=\"saioak\"><select class=\"wpcf7-form-control wpcf7-select\" aria-invalid=\"false\" name=\"saioak\"><option value=\"Saio 1 - 1 sesi\u00f3n\">Saio 1 - 1 sesi\u00f3n<\/option><option value=\"Saio 2 - 2 sesiones\">Saio 2 - 2 sesiones<\/option><\/select><\/span>\n<\/p>\n<p><label>Fakturatze datuak - Datos de facturaci\u00f3n<br \/>\n<span class=\"wpcf7-form-control-wrap\" data-name=\"Fakturazioa\"><input size=\"40\" maxlength=\"400\" class=\"wpcf7-form-control wpcf7-text\" aria-invalid=\"false\" value=\"\" type=\"text\" name=\"Fakturazioa\" \/><\/span> <\/label>\n<\/p>\n<p><input class=\"wpcf7-form-control wpcf7-submit has-spinner\" type=\"submit\" value=\"Enviar\" \/>\n<\/p><div class=\"wpcf7-response-output\" aria-hidden=\"true\"><\/div>\n<\/form>\n<\/div>\n[\/vc_column][\/vc_row][vc_row][vc_column][\/vc_column][\/vc_row][vc_row][vc_column][vc_column_text]<\/p>\n<div><i><span style=\"font-family: arial, sans-serif;\">*Edizio honetan aurrez-aurreko emanaldiaren aldeko apustua egin du Zinegoakek, baina, hau galarazten duen osasun-krisiren bat egongo balitz,\u00a0<\/span>2020-2021eko edizioan gertatu zen bezala, jarduerarekin on-line jarraitu ahal izateko tresnak martxan jarriko ditu jaialdiak.<\/i><\/div>\n<div><i>*En esta edici\u00f3n Zinegoak apuesta por la presencialidad, pero en caso de que haya\u00a0\u00a0<\/i><span style=\"color: #3e4849; font-family: Arial, Helvetica, Verdana, sans-serif;\">una crisis sanitaria que impida dicha presencialidad, el festival\u00a0<\/span><span style=\"color: #3e4849; font-family: Arial, Helvetica, Verdana, sans-serif;\"><i>\u00a0activar\u00e1 las herramientas para poder continuar con la actividad de forma on-line tal y como ocurri\u00f3 durante la edici\u00f3n de 2020-2021.<\/i><br \/>\n<\/span><\/div>\n<p>[\/vc_column_text][\/vc_column][\/vc_row]<\/p>\n<\/div>","protected":false},"excerpt":{"rendered":"<p>[vc_row][vc_column][vc_column_text] IZEN-EMATEA [\/vc_column_text][\/vc_column][\/vc_row][vc_row][vc_column][\/vc_column][\/vc_row][vc_row][vc_column][\/vc_column][\/vc_row][vc_row][vc_column][vc_column_text] *Edizio honetan aurrez-aurreko emanaldiaren aldeko apustua egin du Zinegoakek, baina, hau galarazten duen osasun-krisiren bat egongo balitz,\u00a02020-2021eko edizioan gertatu zen bezala, jarduerarekin on-line jarraitu ahal izateko tresnak martxan jarriko ditu jaialdiak. *En esta edici\u00f3n Zinegoak apuesta por la presencialidad, pero en caso de que haya\u00a0\u00a0una crisis sanitaria que impida dicha presencialidad, el [&hellip;]<\/p>\n","protected":false},"author":1,"featured_media":0,"parent":0,"menu_order":0,"comment_status":"closed","ping_status":"closed","template":"","meta":{"footnotes":""},"class_list":["post-6988","page","type-page","status-publish","hentry"],"_links":{"self":[{"href":"https:\/\/zinegoak.com\/EU\/wp-json\/wp\/v2\/pages\/6988","targetHints":{"allow":["GET"]}}],"collection":[{"href":"https:\/\/zinegoak.com\/EU\/wp-json\/wp\/v2\/pages"}],"about":[{"href":"https:\/\/zinegoak.com\/EU\/wp-json\/wp\/v2\/types\/page"}],"author":[{"embeddable":true,"href":"https:\/\/zinegoak.com\/EU\/wp-json\/wp\/v2\/users\/1"}],"replies":[{"embeddable":true,"href":"https:\/\/zinegoak.com\/EU\/wp-json\/wp\/v2\/comments?post=6988"}],"version-history":[{"count":6,"href":"https:\/\/zinegoak.com\/EU\/wp-json\/wp\/v2\/pages\/6988\/revisions"}],"predecessor-version":[{"id":9315,"href":"https:\/\/zinegoak.com\/EU\/wp-json\/wp\/v2\/pages\/6988\/revisions\/9315"}],"wp:attachment":[{"href":"https:\/\/zinegoak.com\/EU\/wp-json\/wp\/v2\/media?parent=6988"}],"curies":[{"name":"wp","href":"https:\/\/api.w.org\/{rel}","templated":true}]}}