{"id":7030,"date":"2022-02-02T13:07:48","date_gmt":"2022-02-02T12:07:48","guid":{"rendered":"https:\/\/zinegoak.com\/?page_id=7030"},"modified":"2022-02-18T14:01:17","modified_gmt":"2022-02-18T13:01:17","slug":"voluntariado2022","status":"publish","type":"page","link":"https:\/\/zinegoak.com\/EU\/voluntariado2022\/","title":{"rendered":"BOLUNTARIOTZA2022"},"content":{"rendered":"<div class=\"wpb-content-wrapper\"><p>[vc_row][vc_column][vc_single_image image=&#8221;7552&#8243; img_size=&#8221;full&#8221; alignment=&#8221;center&#8221;][\/vc_column][\/vc_row][vc_row][vc_column][vc_column_text]<\/p>\n<div class=\"freebirdFormviewerViewHeaderTitleRow\">\n<h1><strong>ZINEGOAK BOLUNTARIOTZA 2022<\/strong><\/h1>\n<p class=\"p1\"><span class=\"s1\">_<\/span><span class=\"s2\">Eva Alvarez perez <\/span><\/p>\n<p class=\"p1\"><span class=\"s1\">_<\/span><span class=\"s2\">Kika Galvez garcia <\/span><\/p>\n<p class=\"p1\"><span class=\"s1\">_<\/span><span class=\"s2\">Sonia Sanz Bertolin<span class=\"Apple-converted-space\">\u00a0 <\/span><\/span><\/p>\n<p class=\"p1\"><span class=\"s1\">_<\/span><span class=\"s2\">Silvia D\u00edaz Gasc\u00f3n <\/span><\/p>\n<p class=\"p1\"><span class=\"s1\">_<\/span><span class=\"s2\">Marina Juarez Barranquero <\/span><\/p>\n<p class=\"p1\"><span class=\"s1\">_<\/span><span class=\"s2\">Clara Acu\u00f1a Rodr\u00edguez <\/span><\/p>\n<p class=\"p1\"><span class=\"s1\">_<\/span><span class=\"s2\">I\u00f1igo Arriola Villimar <\/span><\/p>\n<p class=\"p1\"><span class=\"s1\">_<\/span><span class=\"s2\">Anxo Fole Lamas <\/span><\/p>\n<p class=\"p1\"><span class=\"s1\">_<\/span><span class=\"s2\">Leire Ruiz melendez <\/span><\/p>\n<p class=\"p1\"><span class=\"s1\">_<\/span><span class=\"s2\">Iker Aranguren Ram\u00edrez <\/span><\/p>\n<p class=\"p1\"><span class=\"s1\">_<\/span><span class=\"s2\">Gorka Fayos Miruri <\/span><\/p>\n<p class=\"p1\"><span class=\"s1\">_<\/span><span class=\"s2\">Yolanda Rabaz mu\u00f1oz <\/span><\/p>\n<p class=\"p1\"><span class=\"s1\">_<\/span><span class=\"s2\">Sergio Andr\u00e9s Cano <\/span><\/p>\n<p class=\"p1\"><span class=\"s1\">_<\/span><span class=\"s2\">Iratxe Acha <\/span><\/p>\n<p class=\"p1\"><span class=\"s1\">_<\/span><span class=\"s2\">Gari Etxebarria Zorroza <\/span><\/p>\n<p class=\"p1\"><span class=\"s1\">_<\/span><span class=\"s3\">Mario D\u00edez Monteser\u00edn <\/span><\/p>\n<p class=\"p1\"><span class=\"s4\">_<\/span><span class=\"s3\">Iker Guerrero Serrano <\/span><\/p>\n<p class=\"p1\"><span class=\"s4\">_<\/span><span class=\"s2\">Susana Garcia <\/span><\/p>\n<p class=\"p1\"><span class=\"s1\">_<\/span><span class=\"s2\">Francisco Santa Cruz <\/span><\/p>\n<p class=\"p1\"><span class=\"s1\">_<\/span><span class=\"s2\">Veronica Vargas Mercado <\/span><\/p>\n<p class=\"p1\"><span class=\"s1\">_<\/span><span class=\"s2\">Amaia Conde Ochoa <\/span><\/p>\n<p class=\"p1\"><span class=\"s1\">_<\/span><span class=\"s2\">Judith Voet <\/span><\/p>\n<p class=\"p1\"><span class=\"s1\">_<\/span><span class=\"s2\">Amaia Astobieta Justiniano <\/span><\/p>\n<p class=\"p1\"><span class=\"s1\">_<\/span><span class=\"s2\">\u00c1lvaro G\u00f3mez Illarramendi<\/span><\/p>\n<p>_Inge Gangoiti Uranga<\/p>\n<p>_Mari Mar Pullido Vicente<\/p>\n<p>_Silvia Bilbao Machado<\/p>\n<p><span class=\"s1\">_<\/span><span class=\"s2\">Mikel Gazta\u00f1aga<\/span><\/p>\n<\/div>\n<p>[\/vc_column_text][\/vc_column][\/vc_row]<\/p>\n<\/div>","protected":false},"excerpt":{"rendered":"<p>[vc_row][vc_column][vc_single_image image=&#8221;7552&#8243; img_size=&#8221;full&#8221; alignment=&#8221;center&#8221;][\/vc_column][\/vc_row][vc_row][vc_column][vc_column_text] ZINEGOAK BOLUNTARIOTZA 2022 _Eva Alvarez perez _Kika Galvez garcia _Sonia Sanz Bertolin\u00a0 _Silvia D\u00edaz Gasc\u00f3n _Marina Juarez Barranquero _Clara Acu\u00f1a Rodr\u00edguez _I\u00f1igo Arriola Villimar _Anxo Fole Lamas _Leire Ruiz melendez _Iker Aranguren Ram\u00edrez _Gorka Fayos Miruri _Yolanda Rabaz mu\u00f1oz _Sergio Andr\u00e9s Cano _Iratxe Acha _Gari Etxebarria Zorroza _Mario D\u00edez Monteser\u00edn _Iker [&hellip;]<\/p>\n","protected":false},"author":1,"featured_media":0,"parent":0,"menu_order":0,"comment_status":"closed","ping_status":"closed","template":"","meta":{"footnotes":""},"class_list":["post-7030","page","type-page","status-publish","hentry"],"_links":{"self":[{"href":"https:\/\/zinegoak.com\/EU\/wp-json\/wp\/v2\/pages\/7030","targetHints":{"allow":["GET"]}}],"collection":[{"href":"https:\/\/zinegoak.com\/EU\/wp-json\/wp\/v2\/pages"}],"about":[{"href":"https:\/\/zinegoak.com\/EU\/wp-json\/wp\/v2\/types\/page"}],"author":[{"embeddable":true,"href":"https:\/\/zinegoak.com\/EU\/wp-json\/wp\/v2\/users\/1"}],"replies":[{"embeddable":true,"href":"https:\/\/zinegoak.com\/EU\/wp-json\/wp\/v2\/comments?post=7030"}],"version-history":[{"count":6,"href":"https:\/\/zinegoak.com\/EU\/wp-json\/wp\/v2\/pages\/7030\/revisions"}],"predecessor-version":[{"id":7555,"href":"https:\/\/zinegoak.com\/EU\/wp-json\/wp\/v2\/pages\/7030\/revisions\/7555"}],"wp:attachment":[{"href":"https:\/\/zinegoak.com\/EU\/wp-json\/wp\/v2\/media?parent=7030"}],"curies":[{"name":"wp","href":"https:\/\/api.w.org\/{rel}","templated":true}]}}