{"id":10287,"date":"2025-04-23T17:15:40","date_gmt":"2025-04-23T15:15:40","guid":{"rendered":"https:\/\/zinegoak.com\/?page_id=10287"},"modified":"2026-03-06T12:35:28","modified_gmt":"2026-03-06T11:35:28","slug":"zgpro","status":"publish","type":"page","link":"https:\/\/zinegoak.com\/en\/zgpro\/","title":{"rendered":"ZGPRO"},"content":{"rendered":"<div class=\"wpb-content-wrapper\"><p><span style=\"font-weight: 400;\">[vc_row][vc_column][vc_single_image image=&#8221;11053&#8243; img_size=&#8221;FULL&#8221; alignment=&#8221;center&#8221; css=&#8221;&#8221;][vc_column_text css=&#8221;&#8221;]ZG PRO es el espacio destinado a la industria cinematogr\u00e1fica y a la innovaci\u00f3n, investigaci\u00f3n y formaci\u00f3n en relaci\u00f3n a la producci\u00f3n audiovisual LGTBIQ+. Esta \u00e1rea es esencial para visibilizar agentes y espacios que trabajan en el desarrollo del cine relacionado con la diversidad sexual, de identidad y g\u00e9nero, y conectar estos agentes, vinculando espacios profesionales y espacios de formaci\u00f3n. Con todo ello, se pretende impulsar la creaci\u00f3n de proyectos cinematogr\u00e1ficos LGTBIQ+ tanto a nivel local, estatal como internacional.<\/span><\/p>\n<p><span style=\"font-weight: 400;\">Es fundamental que estos proyectos se enmarquen dentro un cambio en la forma de producir y que para ello se investiguen aproximaciones alternativas a la forma habitual de producci\u00f3n, que trabajen desde y en el respeto hacia la diversidad y la interseccionalidad.\u00a0<\/span><\/p>\n<p><span style=\"font-weight: 400;\">Se trabajan 2 l\u00edneas principales:\u00a0<\/span><\/p>\n<p><span style=\"font-weight: 400;\">ZG PRO LAB. Networking en el que se presentan proyectos audiovisuales LGTBIQ+ en desarrollo a concurso en formato pitching, a agentes locales, estatales e internacionales del sector cultural y cinematogr\u00e1fico.\u00a0<\/span><\/p>\n<p><span style=\"font-weight: 400;\">ZG PRO MASTERCLASSES. Ponencias y mesas redondas con diferentes profesionales del sector, donde se trabaja y reflexiona sobre la industria cinematogr\u00e1fica y cultural tanto a nivel conceptual como con casos pr\u00e1cticos.\u00a0<\/span><\/p>\n<p><span style=\"font-weight: 400;\">ZG PRO cuenta tanto con el apoyo de la Red de Festivales LGTBIQ+ Europa Sur (formada por los festivales Queer Lisboa y Queer Porto, Mix Milano, Ch\u00e9ries-Ch\u00e9ris de Par\u00eds, Thessaloniki International GLAD Film Festival y Zinegoak) como con el apoyo de la Red Estatal de Laboratorios LGTBIQ+ (compuesta por FIRE!! Muestra de Cine LGTBI de Barcelona y los diferentes laboratorios de la Fundaci\u00f3n Tri\u00e1ngulo: Queercinemad, Cinhomo, Fancinegayqueer, Andalesgai y Zinegoak) que por tercer a\u00f1o consecutivo en colaboraci\u00f3n con el Festival Internacional de Cine de San Sebasti\u00e1n, otorgan el Premio ZG PRO Industry SSIFF. Adem\u00e1s este a\u00f1o como novedad contamos con el apoyo de Triodos Bank quien patrocina el Premio ZG Laborategia dotado con 3.000\u20ac y un premio otorgado por la filial de cine de la productora Neurads que consiste en un proceso de siete sesiones de asesor\u00eda personalizadas.<\/span><\/p>\n<p><span style=\"font-weight: 400;\">Todas las actividades de ZG PRO est\u00e1n abiertas al p\u00fablico en general con especial atenci\u00f3n hacia las personas profesionales del sector y hacia estudiantes o personas interesadas en formarse en el \u00e1mbito de la industria cinematogr\u00e1fica enfocada a la cultura LGTBIQ+.<\/span>[\/vc_column_text][vc_row_inner][vc_column_inner width=&#8221;1\/4&#8243;][\/vc_column_inner][vc_column_inner width=&#8221;1\/4&#8243;][vc_btn title=&#8221;INSCRIPCIONES&#8221; color=&#8221;purple&#8221; size=&#8221;lg&#8221; align=&#8221;center&#8221; css=&#8221;&#8221; link=&#8221;url:https%3A%2F%2Fincoproduction.com%2Fmarkets%2Fzinegoak-pro-2026%2Fdetail%3Flocale%3Des&#8221;][\/vc_column_inner][vc_column_inner width=&#8221;1\/4&#8243;][vc_btn title=&#8221;BASES&#8221; color=&#8221;purple&#8221; size=&#8221;lg&#8221; align=&#8221;center&#8221; css=&#8221;&#8221; link=&#8221;url:https%3A%2F%2Fzinegoak.com%2Fwp-content%2Fuploads%2F2026%2F03%2FZGPRO_BASES_CAST.pdf&#8221;][\/vc_column_inner][vc_column_inner width=&#8221;1\/4&#8243;][\/vc_column_inner][\/vc_row_inner][\/vc_column][\/vc_row]<\/p>\n<\/div>","protected":false},"excerpt":{"rendered":"<p>[vc_row][vc_column][vc_single_image image=&#8221;11053&#8243; img_size=&#8221;FULL&#8221; alignment=&#8221;center&#8221; css=&#8221;&#8221;][vc_column_text css=&#8221;&#8221;]ZG PRO es el espacio destinado a la industria cinematogr\u00e1fica y a la innovaci\u00f3n, investigaci\u00f3n y formaci\u00f3n en relaci\u00f3n a la producci\u00f3n audiovisual LGTBIQ+. Esta \u00e1rea es esencial para visibilizar agentes y espacios que trabajan en el desarrollo del cine relacionado con la diversidad sexual, de identidad y g\u00e9nero, y [&hellip;]<\/p>\n","protected":false},"author":1,"featured_media":0,"parent":0,"menu_order":0,"comment_status":"closed","ping_status":"closed","template":"","meta":{"footnotes":""},"class_list":["post-10287","page","type-page","status-publish","hentry"],"_links":{"self":[{"href":"https:\/\/zinegoak.com\/en\/wp-json\/wp\/v2\/pages\/10287","targetHints":{"allow":["GET"]}}],"collection":[{"href":"https:\/\/zinegoak.com\/en\/wp-json\/wp\/v2\/pages"}],"about":[{"href":"https:\/\/zinegoak.com\/en\/wp-json\/wp\/v2\/types\/page"}],"author":[{"embeddable":true,"href":"https:\/\/zinegoak.com\/en\/wp-json\/wp\/v2\/users\/1"}],"replies":[{"embeddable":true,"href":"https:\/\/zinegoak.com\/en\/wp-json\/wp\/v2\/comments?post=10287"}],"version-history":[{"count":10,"href":"https:\/\/zinegoak.com\/en\/wp-json\/wp\/v2\/pages\/10287\/revisions"}],"predecessor-version":[{"id":11054,"href":"https:\/\/zinegoak.com\/en\/wp-json\/wp\/v2\/pages\/10287\/revisions\/11054"}],"wp:attachment":[{"href":"https:\/\/zinegoak.com\/en\/wp-json\/wp\/v2\/media?parent=10287"}],"curies":[{"name":"wp","href":"https:\/\/api.w.org\/{rel}","templated":true}]}}