{"id":10815,"date":"2025-06-04T16:42:07","date_gmt":"2025-06-04T14:42:07","guid":{"rendered":"https:\/\/zinegoak.com\/?page_id=10815"},"modified":"2025-06-26T11:52:06","modified_gmt":"2025-06-26T09:52:06","slug":"zgpro-2025","status":"publish","type":"page","link":"https:\/\/zinegoak.com\/en\/zgpro-2025\/","title":{"rendered":"ZGPRO 2025"},"content":{"rendered":"<div class=\"wpb-content-wrapper\"><p>[vc_column][\/vc_column][vc_row][vc_column][vc_single_image image=&#8221;10277&#8243; img_size=&#8221;FULL&#8221; alignment=&#8221;center&#8221; css=&#8221;&#8221;][vc_column_text css=&#8221;&#8221;]<\/p>\n<p class=\"p1\"><span class=\"s1\">ZG PRO is the space that Zinegoak dedicates to the film industry, specifically to innovation research and training in relation to LGTBIQ+ audiovisual production. This area is essential to raise the visibility of agents and spaces that work in the development of cinema related to sexual diversity, identity and gender, and to bring these agents closer to specialised training spaces. <\/span><\/p>\n<p class=\"p1\"><span class=\"s1\">Whilst it is true that in recent years there has been more queer cinema in commercial circuits that reaches the public through theatres with great success, for most projects this remains an impenetrable wall. For all these reasons, ZG PRO 2024 continues to support the creation of LGTBIQ+ film projects at a local, national and international level.<\/span><\/p>\n<p class=\"p1\"><span class=\"s1\">To support this trend, we once again count on the collaboration of the Network of LGTBIQ+ Festivals Southern Europe, which includes Queer Lisbon and Queer Porto, Mix Milano, Ch\u00e9ries-ch\u00e9ris from Paris and Zinegoak.<\/span><\/p>\n<p class=\"p1\"><span class=\"s1\">Furthermore, we have the support of The State Network of LGBTIQ+ Laboratories (La Red Estatal de Laboratorios LGBTIQ +), formed by FIRE!!! LAB, from the Mostra FIRE!!! in Barcelona; QueerCineLab &#8211; made up of the Fundaci\u00f3n Tri\u00e1ngulo festivals: Lesgaicinemad, Cinhomo, Andalesgai and Fancinequeer &#8211; and Zinegoak. Together with the San Sebastian International Film Festival (SSIFF) and for the second year running, each laboratory is awarding the ZG PRO Industry SSIFF Award to a project participating in its space, guaranteeing the presence, participation and access to the different industry forums of the SSIFF to the producers of the winning works. This initiative arises with the aim of creating an alliance that gives more visibility and promotes LGTBIQ+ projects. At ZG PRO, the award is chosen by a committee made up of professionals from different areas of the cultural and film sector.<\/span><\/p>\n<p class=\"p1\"><span class=\"s1\">Besides, the digital marketplace for film and TV projects, Incoproduction, is once again on board, increasing its collaboration with the creation of the ZG PRO Work in Progress (WIP) platform, andwith Music Library &amp; SFX support.<\/span><\/p>\n<p class=\"p1\"><span class=\"s1\">ZG PRO will take place over two days. On 27 June in the Bastida hall of the Azkuna Zentroa (AZ), master classes will be delivered by different leading professionals from the audiovisual and cultural sector at local, national and international level; and on 28 June in the Iparragirre hall of the AZ, where ZG PRO LAB will take place. At this event, the selected projects will be presented in pitching format, two relevant conferences will be presented in the field of film production and one-to-one sessions will be held with the ZG PRO jury members.<\/span><\/p>\n<p class=\"p1\"><span class=\"s1\">All ZG PRO activities are open to the general public, however, special attention is paid to professionals in the sector and students interested in training in the field of the film industry with a focus on LGTBIQ+ culture.<\/span><\/p>\n<p>[\/vc_column_text][vc_single_image image=&#8221;10852&#8243; img_size=&#8221;full&#8221; alignment=&#8221;center&#8221; css=&#8221;&#8221;][vc_row_inner][vc_column_inner width=&#8221;1\/4&#8243;][vc_single_image image=&#8221;10817&#8243; img_size=&#8221;full&#8221; alignment=&#8221;center&#8221; css=&#8221;&#8221;][\/vc_column_inner][vc_column_inner width=&#8221;1\/4&#8243;]<div class='team_member  '>\n\t<div class='avatar_holder'>\n\t\t<div class='hover_social'>\n\t\t\t<ul class='um_center_vertically'>\n\t\t\t\t\n\t\t\t<\/ul>\n\t\t<\/div>\n\t    \n\t<\/div>\n\t<h4><strong>Alejo Ducl\u00f3s<\/strong><\/h4>\n\t<h5><\/h5>\n\t<p><\/p>\n<p class=\"p1\"><span class=\"s1\">Artist and curator<\/span><\/p>\n<p><\/p>\n<\/div>[\/vc_column_inner][vc_column_inner width=&#8221;1\/4&#8243;][vc_single_image image=&#8221;10793&#8243; img_size=&#8221;full&#8221; alignment=&#8221;center&#8221; css=&#8221;&#8221;][\/vc_column_inner][vc_column_inner width=&#8221;1\/4&#8243;]<div class='team_member  '>\n\t<div class='avatar_holder'>\n\t\t<div class='hover_social'>\n\t\t\t<ul class='um_center_vertically'>\n\t\t\t\t\n\t\t\t<\/ul>\n\t\t<\/div>\n\t    \n\t<\/div>\n\t<h4><strong>Brigitte Baptiste<\/strong><\/h4>\n\t<h5><\/h5>\n\t<p><\/p>\n<p class=\"p1\"><span class=\"s1\">Queer ecologist<\/span><\/p>\n<p><\/p>\n<\/div>[\/vc_column_inner][\/vc_row_inner][vc_row_inner][vc_column_inner width=&#8221;1\/4&#8243;][vc_single_image image=&#8221;10666&#8243; img_size=&#8221;full&#8221; alignment=&#8221;center&#8221; css=&#8221;&#8221;][\/vc_column_inner][vc_column_inner width=&#8221;1\/4&#8243;]<div class='team_member  '>\n\t<div class='avatar_holder'>\n\t\t<div class='hover_social'>\n\t\t\t<ul class='um_center_vertically'>\n\t\t\t\t\n\t\t\t<\/ul>\n\t\t<\/div>\n\t    \n\t<\/div>\n\t<h4><strong>David Velduque<\/strong><\/h4>\n\t<h5><\/h5>\n\t<p><\/p>\n<p class=\"p1\"><span class=\"s1\">Director and creator <\/span><\/p>\n<p><\/p>\n<\/div>[\/vc_column_inner][vc_column_inner width=&#8221;1\/4&#8243;][vc_single_image image=&#8221;10821&#8243; img_size=&#8221;full&#8221; alignment=&#8221;center&#8221; css=&#8221;&#8221;][\/vc_column_inner][vc_column_inner width=&#8221;1\/4&#8243;]<div class='team_member  '>\n\t<div class='avatar_holder'>\n\t\t<div class='hover_social'>\n\t\t\t<ul class='um_center_vertically'>\n\t\t\t\t\n\t\t\t<\/ul>\n\t\t<\/div>\n\t    \n\t<\/div>\n\t<h4><strong>EHGAM<\/strong><\/h4>\n\t<h5><\/h5>\n\t<p><\/p>\n<p class=\"p1\"><span class=\"s1\">Basque Sexual Liberation Movement<\/span><\/p>\n<p><\/p>\n<\/div>[\/vc_column_inner][\/vc_row_inner][vc_row_inner][vc_column_inner width=&#8221;1\/4&#8243;][vc_single_image image=&#8221;10670&#8243; img_size=&#8221;full&#8221; alignment=&#8221;center&#8221; css=&#8221;&#8221;][\/vc_column_inner][vc_column_inner width=&#8221;1\/4&#8243;]<div class='team_member  '>\n\t<div class='avatar_holder'>\n\t\t<div class='hover_social'>\n\t\t\t<ul class='um_center_vertically'>\n\t\t\t\t\n\t\t\t<\/ul>\n\t\t<\/div>\n\t    \n\t<\/div>\n\t<h4><strong>Emilio Papamija<\/strong><\/h4>\n\t<h5><\/h5>\n\t<p><\/p>\n<p class=\"p1\"><span class=\"s1\">Audiovisual advisor <\/span><span class=\"s1\">and trainer, expert in diversity<\/span><\/p>\n<p><\/p>\n<\/div>[\/vc_column_inner][vc_column_inner width=&#8221;1\/4&#8243;][vc_single_image image=&#8221;10672&#8243; img_size=&#8221;full&#8221; alignment=&#8221;center&#8221; css=&#8221;&#8221;][\/vc_column_inner][vc_column_inner width=&#8221;1\/4&#8243;]<div class='team_member  '>\n\t<div class='avatar_holder'>\n\t\t<div class='hover_social'>\n\t\t\t<ul class='um_center_vertically'>\n\t\t\t\t\n\t\t\t<\/ul>\n\t\t<\/div>\n\t    \n\t<\/div>\n\t<h4><strong>Gabriela Wiener <\/strong><\/h4>\n\t<h5><\/h5>\n\t<p><\/p>\n<p class=\"p1\"><span class=\"s1\">Writer and journalist<\/span><\/p>\n<p><\/p>\n<\/div>[\/vc_column_inner][\/vc_row_inner][vc_row_inner][vc_column_inner width=&#8221;1\/4&#8243;][vc_single_image image=&#8221;10795&#8243; img_size=&#8221;full&#8221; alignment=&#8221;center&#8221; css=&#8221;&#8221;][\/vc_column_inner][vc_column_inner width=&#8221;1\/4&#8243;]<div class='team_member  '>\n\t<div class='avatar_holder'>\n\t\t<div class='hover_social'>\n\t\t\t<ul class='um_center_vertically'>\n\t\t\t\t\n\t\t\t<\/ul>\n\t\t<\/div>\n\t    \n\t<\/div>\n\t<h4><strong>Jo\u00e3o Ferreira<\/strong><\/h4>\n\t<h5><\/h5>\n\t<p><\/p>\n<p class=\"p1\"><span class=\"s1\">Queer Lisboa director<\/span><\/p>\n<p><\/p>\n<\/div>[\/vc_column_inner][vc_column_inner width=&#8221;1\/4&#8243;][vc_single_image image=&#8221;10673&#8243; img_size=&#8221;full&#8221; alignment=&#8221;center&#8221; css=&#8221;&#8221;][\/vc_column_inner][vc_column_inner width=&#8221;1\/4&#8243;]<div class='team_member  '>\n\t<div class='avatar_holder'>\n\t\t<div class='hover_social'>\n\t\t\t<ul class='um_center_vertically'>\n\t\t\t\t\n\t\t\t<\/ul>\n\t\t<\/div>\n\t    \n\t<\/div>\n\t<h4><strong>Colectivo La Morada<\/strong><\/h4>\n\t<h5><\/h5>\n\t<p><\/p>\n<p class=\"p1\"><span class=\"s1\">Feminist &amp; queer housing cooperative on assignment <\/span><\/p>\n<p><\/p>\n<\/div>[\/vc_column_inner][\/vc_row_inner][vc_row_inner][vc_column_inner width=&#8221;1\/4&#8243;][vc_single_image image=&#8221;10668&#8243; img_size=&#8221;full&#8221; alignment=&#8221;center&#8221; css=&#8221;&#8221;][\/vc_column_inner][vc_column_inner width=&#8221;1\/4&#8243;]<div class='team_member  '>\n\t<div class='avatar_holder'>\n\t\t<div class='hover_social'>\n\t\t\t<ul class='um_center_vertically'>\n\t\t\t\t\n\t\t\t<\/ul>\n\t\t<\/div>\n\t    \n\t<\/div>\n\t<h4><strong>Tatiana Romero<\/strong><\/h4>\n\t<h5><\/h5>\n\t<p><\/p>\n<p class=\"p1\"><span class=\"s1\">Anti-racist and transfeminist activist and historian<\/span><\/p>\n<p><\/p>\n<\/div>[\/vc_column_inner][vc_column_inner width=&#8221;1\/4&#8243;][\/vc_column_inner][vc_column_inner width=&#8221;1\/4&#8243;][\/vc_column_inner][\/vc_row_inner][vc_column_text css=&#8221;&#8221;][\/vc_column_text][vc_column_text css=&#8221;&#8221;]<\/p>\n<h1 style=\"text-align: center;\"><strong>Master Class<\/strong><\/h1>\n<p>[\/vc_column_text][vc_column_text css=&#8221;&#8221;][\/vc_column_text][vc_row_inner][vc_column_inner width=&#8221;1\/4&#8243;][vc_column_text css=&#8221;&#8221;]<strong>27 june<\/strong><\/p>\n<p>10:00<\/p>\n<p>Azkuna Zentroa<\/p>\n<p>Sala Bastida<\/p>\n<p>[\/vc_column_text][\/vc_column_inner][vc_column_inner width=&#8221;3\/4&#8243;][vc_column_text css=&#8221;&#8221;]<\/p>\n<h2 class=\"p1\">Film archive: A future from memories<\/h2>\n<p><strong>&gt;&gt; Jo\u00e3o Ferreira, Alejo Ducl\u00f3s<\/strong><\/p>\n<p>A conversation between Jo\u00e3o Ferreira, director of the Queer Lisbon and Queer Porto film festivals, and the artist and curator Alejo Ducl\u00f3s, responsible for the project Memorias Sinverg\u00fcenzas. A dialogue on the importance of working with the film archives when it comes to creating the present of the sex\/gender dissidents\u2019 community.<\/p>\n<p>How can we work with the archives in festivals? What strategies can we use to confront the erasure of the queer community from official archives? How can we reconnect with the past in order to articulate the networks of resistance of today?[\/vc_column_text][\/vc_column_inner][\/vc_row_inner][vc_row_inner][vc_column_inner width=&#8221;1\/4&#8243;][vc_column_text css=&#8221;&#8221;]<strong>27 june<\/strong><\/p>\n<p>11:00<\/p>\n<p>Azkuna Zentroa<\/p>\n<p>Sala Bastida<\/p>\n<p>[\/vc_column_text][\/vc_column_inner][vc_column_inner width=&#8221;3\/4&#8243;][vc_column_text css=&#8221;&#8221;]<\/p>\n<h2>All trans<\/h2>\n<p><strong>&gt;&gt; Brigitte Baptiste<\/strong><\/p>\n<p>Brigitte Baptiste is one of Colombia\u2019s leading environmental experts and a key transgender reference who is starring in the film Brigitte, planeta B, which will have its world premiere on 26 June at 7.30 pm at Golem Alh\u00f3ndiga. As part of ZGPRO, she shares her work in Queer Ecology on how nature defies the rigid categories imposed on it, to show that what is often labelled as \u2018anti-natural\u2019 is actually one of life\u2019s most ingenious and adaptive solutions.[\/vc_column_text][\/vc_column_inner][\/vc_row_inner][vc_row_inner][vc_column_inner width=&#8221;1\/4&#8243;][vc_column_text css=&#8221;&#8221;]<strong>27 june<\/strong><\/p>\n<p>12:00<\/p>\n<p>Azkuna Zentroa<\/p>\n<p>Sala Bastida<\/p>\n<p>[\/vc_column_text][\/vc_column_inner][vc_column_inner width=&#8221;3\/4&#8243;][vc_column_text css=&#8221;&#8221;]<\/p>\n<h2 class=\"p1\">Create forge the power to copulate<\/h2>\n<p><strong>&gt;&gt; Gabriela Wiener<\/strong><\/p>\n<p>At a time when white, heterocentric capitalism is phagocytising struggles and identities, it poses challenges for autonomous contemporary creation. The writer and one of the founders of Sudakasa, Gabriela Wiener, will talk about how rarely independent the independent tends to be today; and the need to generate community, diverse, anti-racist and combative spaces that articulate with each other towards the construction of a common agenda and social transformation.[\/vc_column_text][\/vc_column_inner][\/vc_row_inner][vc_row_inner][vc_column_inner width=&#8221;1\/4&#8243;][vc_column_text css=&#8221;&#8221;]<strong>27 june<\/strong><\/p>\n<p>13:00<\/p>\n<p>Azkuna Zentroa<\/p>\n<p>Sala Bastida<\/p>\n<p>[\/vc_column_text][\/vc_column_inner][vc_column_inner width=&#8221;3\/4&#8243;][vc_column_text css=&#8221;&#8221;]<\/p>\n<h2 class=\"p1\"><strong>Resistances and queer affection<\/strong><\/h2>\n<p><strong>&gt;&gt; Tatiana Romero, David Velduque, EHGAM, Emilio Papamija<\/strong><\/p>\n<p>Beyond the market and family exist the tiny and overlapping structures that sustain us in our work and life. How are we creating mutual spaces and queer neighbourhoods? In what ways can we gain collective agency to resist a social context that is increasingly adverse to dissidence? With Tatiana Romero, Emilio Papamija, David Velduque and EHGAM we insist on analysing, from different approaches to film and activism, the ways in which we can create conditions of collaborative, enjoyable, resilient and affectionate living.[\/vc_column_text][\/vc_column_inner][\/vc_row_inner][vc_row_inner][vc_column_inner width=&#8221;1\/4&#8243;][vc_column_text css=&#8221;&#8221;]<strong>27 june<\/strong><\/p>\n<p>18:00<\/p>\n<p>La Sinsorga[\/vc_column_text][\/vc_column_inner][vc_column_inner width=&#8221;3\/4&#8243;][vc_column_text css=&#8221;&#8221;]<\/p>\n<h2 class=\"p1\"><b> <\/b><strong>Building feminist, queer and community housing alternatives<\/strong><\/h2>\n<p><strong>&gt;&gt; Colectivo La Morada<\/strong><\/p>\n<p>La Morada is a feminist and queer housing co-operative located in Barcelona. But how has it been possible to build this collective living project? La Morada reminds us that sharing everyday life in a common space is key to addressing interdependence and sustainability of life. How was it possible for them to balance individuality and communal living? Why did they choose the alternative formula of shared use? What does the collectivisation of tasks look like in practice?<\/p>\n<p>[\/vc_column_text][\/vc_column_inner][\/vc_row_inner][\/vc_column][\/vc_row][vc_row][vc_column][vc_single_image image=&#8221;10853&#8243; img_size=&#8221;full&#8221; alignment=&#8221;center&#8221; css=&#8221;&#8221;][vc_column_text css=&#8221;&#8221;]<\/p>\n<p class=\"p1\">The ZG PRO LAB 2025 day will begin with the pitching of the selected projects, which will be eligible for the different ZG PRO awards, granted by the jury, made up of professionals from the film sector and a representative of the LGTBIQ+ Festivals Network Southern Europe. The morning session will end with a talk to be given by DAMA, a Spanish management organisation specialising in the collection, management and distribution of authors\u2019 rights in the audiovisual sector, on rights management and film production. In the afternoon, the one-to-one sessions will take place and the day will conclude with the prize-giving ceremony.<\/p>\n<p>[\/vc_column_text][vc_row_inner][vc_column_inner width=&#8221;1\/3&#8243;][vc_btn title=&#8221;Jurade&#8221; css=&#8221;&#8221; link=&#8221;url:%23jurade&#8221;][\/vc_column_inner][vc_column_inner width=&#8221;1\/3&#8243;][vc_btn title=&#8221;Awards&#8221; css=&#8221;&#8221; link=&#8221;url:%23premios&#8221;][\/vc_column_inner][vc_column_inner width=&#8221;1\/3&#8243;][vc_btn title=&#8221;Projects&#8221; css=&#8221;&#8221; link=&#8221;url:%23proyectos&#8221;][\/vc_column_inner][\/vc_row_inner][vc_column_text css=&#8221;&#8221;][\/vc_column_text][vc_column_text css=&#8221;&#8221;]<\/p>\n<h1 id=\"jurade\" style=\"text-align: center;\">Jury<\/h1>\n<p>[\/vc_column_text][vc_column_text css=&#8221;&#8221;][\/vc_column_text][vc_row_inner][vc_column_inner width=&#8221;1\/4&#8243;][vc_single_image image=&#8221;10785&#8243; css=&#8221;&#8221;][\/vc_column_inner][vc_column_inner width=&#8221;3\/4&#8243;][vc_column_text css=&#8221;&#8221;]<strong>Ainhoa Gonz\u00e1lez Sanchiz<\/strong><\/p>\n<p>Head for Creative Europe Desk MEDIA Euskadi\u2019s office from where she works in the promotion of Basque cinema. She has participated in the most important international markets of Europe and has been actively involved in organizing innovative and active presentations\/workshops \u2013 important tools for education and networking \u2013 between Basque but also European film professionals.[\/vc_column_text][\/vc_column_inner][\/vc_row_inner][vc_row_inner][vc_column_inner width=&#8221;1\/4&#8243;][vc_single_image image=&#8221;10794&#8243; css=&#8221;&#8221;][\/vc_column_inner][vc_column_inner width=&#8221;3\/4&#8243;][vc_column_text css=&#8221;&#8221;]<strong>Gorka Garc\u00eda Peral<\/strong><br \/>\nHe holds a degree in Journalism and a Master\u2019s degree in Audiovisual Scriptwriting. In 1995, he received a scholarship from Deia newspaper and in 1997 he worked as an editor for Euskal Telebista, the channel where he has spent a large part of his career. Between 2003 and 2007 he was its Artistic Coordinator, and between 2007 and 2013 he was Deputy Artistic Director, and since 2013 he has been Programme and Artistic Director at the same television network.[\/vc_column_text][\/vc_column_inner][\/vc_row_inner][vc_row_inner][vc_column_inner width=&#8221;1\/4&#8243;][vc_single_image image=&#8221;10800&#8243; css=&#8221;&#8221;][\/vc_column_inner][vc_column_inner width=&#8221;3\/4&#8243;][vc_column_text css=&#8221;&#8221;]<strong>Ione Feijoo<\/strong><br \/>\nDegree in Humanities and Communication and Master Degree in Marketing and Sales Management. In 2022 she joined Zineuskadi to develop the marketing, communication and international development of the brand Basque.Audiovisual.[\/vc_column_text][\/vc_column_inner][\/vc_row_inner][vc_row_inner][vc_column_inner width=&#8221;1\/4&#8243;][vc_single_image image=&#8221;10795&#8243; css=&#8221;&#8221;][\/vc_column_inner][vc_column_inner width=&#8221;3\/4&#8243;][vc_column_text css=&#8221;&#8221;]<strong>Jo\u00e3o Ferreira<\/strong><br \/>\nDesign Graduate and Master in Theatre Studies. Artistic Director of Queer Lisboa since 2004. Professor at the Artistic Studies course of University of Coimbra between 2006 and 2015. He was a Jury at the Berlinale, Cannes and Queer Festivals in Bilbao, Turin, Prague, Vienna, S\u00e3o Paulo, and Palermo. He co-edited the books Queer Film and Culture and O v\u00edrus- cinema: cinema queer e VIH\/sida. Since 2022, he is part of the film production fund New Dawn jury board.[\/vc_column_text][\/vc_column_inner][\/vc_row_inner][vc_row_inner][vc_column_inner width=&#8221;1\/4&#8243;][vc_single_image image=&#8221;10796&#8243; css=&#8221;&#8221;][\/vc_column_inner][vc_column_inner width=&#8221;3\/4&#8243;][vc_column_text css=&#8221;&#8221;]<strong>Jorge Garrido<\/strong><br \/>\nExecutive Director of Apoyo Positivo and coordinator of Algo Est\u00e1 Pasando, the entity\u2019s creative HUB. State community coordinator of the Fast Track Cities initiative in Spain. Therapist, expert in management of social entities and social communication. He also has wide-ranging experience in diversity, sexual and public health and sexual and reproductive rights.[\/vc_column_text][\/vc_column_inner][\/vc_row_inner][vc_row_inner][vc_column_inner width=&#8221;1\/4&#8243;][vc_single_image image=&#8221;10797&#8243; css=&#8221;&#8221;][\/vc_column_inner][vc_column_inner width=&#8221;3\/4&#8243;][vc_column_text css=&#8221;&#8221;]<strong>Mar Canet<\/strong><br \/>\nFounder and director of La Casa del Cine, a school of film theory, criticism and directing in Barcelona. CEO of The New Flesh, a production company that has made films recognised at different national and international festivals. Co-founder of the Americana North American Independent Film Festival of Barcelona, coordinator of the Most Festival International de Cinema del Vi in Vilafranca del Pened\u00e8s, collaborator of the D\u2019A Film Festival and programmer of the FIRE!!! Mostra LGTBIQ+ of Barcelona.[\/vc_column_text][\/vc_column_inner][\/vc_row_inner][\/vc_column][\/vc_row][vc_row][vc_column][vc_column_text css=&#8221;&#8221;]<\/p>\n<h1 id=\"premios\" style=\"text-align: center;\">Awards<\/h1>\n<p>[\/vc_column_text][vc_column_text css=&#8221;&#8221;]<\/p>\n<p class=\"p1\"><strong>ZG PRO Laborategia Award<\/strong><\/p>\n<p class=\"p1\"><b>(1.000 \u20ac)<\/b><\/p>\n<p><span class=\"s1\">Awarded to the outstanding project of the ZG PRO LAB 2025 edition.<\/span><\/p>\n<p>&#8211;<\/p>\n<p class=\"p1\"><strong>Music Library ZG PRO Award<\/strong><\/p>\n<p class=\"p7\"><span class=\"s1\">Sponsored by Music Library &amp; SFX. It consists of a set fee with access to the AudioNetwork and AltMusic production catalogues, as well as 360\u00ba music monitoring services, discounts on commercial music rights negotiation fees and the provision of studios and SFX, with an estimated value of \u20ac1,500.<\/span><\/p>\n<p>&#8211;<\/p>\n<p class=\"p1\"><strong>Industry SSIFF ZG PRO Award<\/strong><\/p>\n<p class=\"p7\"><span class=\"s1\">This is an initiative developed by the State Network of LGTBIQ+ Laboratories in collaboration with the SSIFF. It consists of a travel bag, accreditation, travel and accommodation for two days at the SSIFF, as well as an agenda of meetings with various production companies and industry agents.<\/span><\/p>\n<p>[\/vc_column_text][\/vc_column][\/vc_row][vc_row][vc_column][vc_column_text css=&#8221;&#8221;]<\/p>\n<h1 id=\"proyectos\" style=\"text-align: center;\">Projects<\/h1>\n<p>[\/vc_column_text][vc_basic_grid post_type=&#8221;post&#8221; max_items=&#8221;5&#8243; item=&#8221;315&#8243; css=&#8221;&#8221; grid_id=&#8221;vc_gid:1750931511871-572c55bc-379f-6&#8243; taxonomies=&#8221;282&#8243;][\/vc_column][\/vc_row]<\/p>\n<\/div>","protected":false},"excerpt":{"rendered":"<p>[vc_column][\/vc_column][vc_row][vc_column][vc_single_image image=&#8221;10277&#8243; img_size=&#8221;FULL&#8221; alignment=&#8221;center&#8221; css=&#8221;&#8221;][vc_column_text css=&#8221;&#8221;] ZG PRO is the space that Zinegoak dedicates to the film industry, specifically to innovation research and training in relation to LGTBIQ+ audiovisual production. This area is essential to raise the visibility of agents and spaces that work in the development of cinema related to sexual diversity, identity and [&hellip;]<\/p>\n","protected":false},"author":1,"featured_media":0,"parent":0,"menu_order":0,"comment_status":"closed","ping_status":"closed","template":"","meta":{"footnotes":""},"class_list":["post-10815","page","type-page","status-publish","hentry"],"_links":{"self":[{"href":"https:\/\/zinegoak.com\/en\/wp-json\/wp\/v2\/pages\/10815","targetHints":{"allow":["GET"]}}],"collection":[{"href":"https:\/\/zinegoak.com\/en\/wp-json\/wp\/v2\/pages"}],"about":[{"href":"https:\/\/zinegoak.com\/en\/wp-json\/wp\/v2\/types\/page"}],"author":[{"embeddable":true,"href":"https:\/\/zinegoak.com\/en\/wp-json\/wp\/v2\/users\/1"}],"replies":[{"embeddable":true,"href":"https:\/\/zinegoak.com\/en\/wp-json\/wp\/v2\/comments?post=10815"}],"version-history":[{"count":14,"href":"https:\/\/zinegoak.com\/en\/wp-json\/wp\/v2\/pages\/10815\/revisions"}],"predecessor-version":[{"id":10999,"href":"https:\/\/zinegoak.com\/en\/wp-json\/wp\/v2\/pages\/10815\/revisions\/10999"}],"wp:attachment":[{"href":"https:\/\/zinegoak.com\/en\/wp-json\/wp\/v2\/media?parent=10815"}],"curies":[{"name":"wp","href":"https:\/\/api.w.org\/{rel}","templated":true}]}}