{"id":2711,"date":"2018-02-01T19:36:17","date_gmt":"2018-02-01T19:36:17","guid":{"rendered":"https:\/\/zinegoak.com\/?page_id=2711"},"modified":"2025-06-03T15:44:21","modified_gmt":"2025-06-03T13:44:21","slug":"juradeinternacional","status":"publish","type":"page","link":"https:\/\/zinegoak.com\/en\/juradeinternacional\/","title":{"rendered":"INTERNATIONAL JURY"},"content":{"rendered":"<div class=\"wpb-content-wrapper\"><p>[vc_row][vc_column][vc_single_image image=&#8221;10675&#8243; img_size=&#8221;full&#8221; alignment=&#8221;center&#8221; css=&#8221;&#8221;][vc_custom_heading text=&#8221;Dok&#8221; font_container=&#8221;tag:h1|font_size:100|text_align:left|color:%23000000&#8243; google_fonts=&#8221;font_family:Montserrat%3Aregular%2C700|font_style:700%20bold%20regular%3A700%3Anormal&#8221;][\/vc_column][\/vc_row][vc_row][vc_column width=&#8221;1\/4&#8243;][vc_single_image image=&#8221;10666&#8243; img_size=&#8221;200&#8243; css_animation=&#8221;bottom-to-top&#8221; css=&#8221;&#8221;][\/vc_column][vc_column width=&#8221;3\/4&#8243;]<div class='team_member  '>\n\t<div class='avatar_holder'>\n\t\t<div class='hover_social'>\n\t\t\t<ul class='um_center_vertically'>\n\t\t\t\t\n\t\t\t<\/ul>\n\t\t<\/div>\n\t    \n\t<\/div>\n\t<h4><strong>David Velduque<\/strong><\/h4>\n\t<h5><\/h5>\n\t<p><\/p>\n<p class=\"p1\"><span class=\"s1\">Queer director and creator who has a committed and transgressive outlook. A benchmark of LGTBIQ+ cinema in Spanish, he has directed titles such as <em>Estigma<\/em> (Fantastic Fest), <em>Animal<\/em> and <em>Transici\u00f3n<\/em>. He directs and presents <em>Sabor a queer<\/em>, a <em>videopodcast<\/em> nominated for the Premios Ondas and the ODA (Audiovisual Diversity Awards).<\/span><\/p>\n<p><\/p>\n<\/div>[\/vc_column][\/vc_row][vc_row][vc_column width=&#8221;1\/4&#8243;][vc_single_image image=&#8221;10667&#8243; img_size=&#8221;200&#8243; css_animation=&#8221;bottom-to-top&#8221; css=&#8221;&#8221;][\/vc_column][vc_column width=&#8221;3\/4&#8243;]<div class='team_member  '>\n\t<div class='avatar_holder'>\n\t\t<div class='hover_social'>\n\t\t\t<ul class='um_center_vertically'>\n\t\t\t\t\n\t\t\t<\/ul>\n\t\t<\/div>\n\t    \n\t<\/div>\n\t<h4><strong>Imanol Otaegi Mitxelena<\/strong><\/h4>\n\t<h5><\/h5>\n\t<p><\/p>\n<p class=\"p1\"><span class=\"s1\">He is Director of Culture at the Etxepare Basque Institute. He holds a degree in Audiovisual Communication and has worked in the production of stage plays, as well as in audiovisual productions for EITB. He was responsible for international projects at the Donostia 2016 European Capital of Culture Foundation, and has collaborated with the San Sebastian Film Festival and the programme for the promotion of Basque audiovisuals abroad, among other projects.<\/span><\/p>\n<p><\/p>\n<\/div>[\/vc_column][\/vc_row][vc_row][vc_column width=&#8221;1\/4&#8243;][vc_single_image image=&#8221;10668&#8243; img_size=&#8221;200&#8243; css_animation=&#8221;bottom-to-top&#8221; css=&#8221;&#8221;][\/vc_column][vc_column width=&#8221;3\/4&#8243;]<div class='team_member  '>\n\t<div class='avatar_holder'>\n\t\t<div class='hover_social'>\n\t\t\t<ul class='um_center_vertically'>\n\t\t\t\t\n\t\t\t<\/ul>\n\t\t<\/div>\n\t    \n\t<\/div>\n\t<h4><strong>Tatiana Romero<\/strong><\/h4>\n\t<h5><\/h5>\n\t<p><\/p>\n<p class=\"p1\"><span class=\"s1\">An anti-racist and transfeminist activist, she is a historian by training, specialising in the history of sexogenic dissidence, biopolitics and bodily punitivism. In recent years she has been working and producing a discourse based on the experience of migration. She is a regular contributor to Pikara Magazine, Feminopraxis and El Salto. She has recently coordinated <em>(h)amor8_gordo<\/em>, published by Continta me tienes.<\/span><\/p>\n<p><\/p>\n<\/div>[\/vc_column][\/vc_row][vc_row][vc_column][vc_custom_heading text=&#8221;Fik&#8221; font_container=&#8221;tag:h1|font_size:100|text_align:left|color:%23000000&#8243; google_fonts=&#8221;font_family:Montserrat%3Aregular%2C700|font_style:700%20bold%20regular%3A700%3Anormal&#8221;][\/vc_column][\/vc_row][vc_row][vc_column width=&#8221;1\/4&#8243;][vc_single_image image=&#8221;10669&#8243; img_size=&#8221;200&#8243; css_animation=&#8221;bottom-to-top&#8221; css=&#8221;&#8221;][\/vc_column][vc_column width=&#8221;3\/4&#8243;]<div class='team_member  '>\n\t<div class='avatar_holder'>\n\t\t<div class='hover_social'>\n\t\t\t<ul class='um_center_vertically'>\n\t\t\t\t\n\t\t\t<\/ul>\n\t\t<\/div>\n\t    \n\t<\/div>\n\t<h4><strong>Bambi Fandi\u00f1o Garcia<\/strong><\/h4>\n\t<h5><\/h5>\n\t<p><\/p>\n<p class=\"p1\"><span class=\"s1\">Bambi is a multidisciplinary artist specialising in performance. She began her career in the performing arts by acting in theatre and in drag shows. She is a great fan of history, philosophy and is interested in the study of occultism. Spirituality, queer themes, the therapeutic capacity of art and ritualistic concepts are recurring motifs in her current work.<\/span><\/p>\n<p><\/p>\n<\/div>[\/vc_column][\/vc_row][vc_row][vc_column width=&#8221;1\/4&#8243;][vc_single_image image=&#8221;10670&#8243; img_size=&#8221;200&#8243; css_animation=&#8221;bottom-to-top&#8221; css=&#8221;&#8221;][\/vc_column][vc_column width=&#8221;3\/4&#8243;]<div class='team_member  '>\n\t<div class='avatar_holder'>\n\t\t<div class='hover_social'>\n\t\t\t<ul class='um_center_vertically'>\n\t\t\t\t\n\t\t\t<\/ul>\n\t\t<\/div>\n\t    \n\t<\/div>\n\t<h4><strong>Emilio Papamija<\/strong><\/h4>\n\t<h5><\/h5>\n\t<p><\/p>\n<p class=\"p1\"><span class=\"s1\">He is an audiovisual advisor and trainer, expert in diversity, and holds a Master of Arts in Gender, Media and Culture from University of London. He is currently a diversity advisor at IntimAct. He was director of research and trans representation at the ODA (Observatorio de la Diversidad en los Medios Audiovisuales, Observatory for Diversity in Audiovisual Media). He has worked as a specialist in the implementation of gender and cultural policies on governmental projects. <\/span><\/p>\n<p><\/p>\n<\/div>[\/vc_column][\/vc_row][vc_row][vc_column width=&#8221;1\/4&#8243;][vc_single_image image=&#8221;10671&#8243; img_size=&#8221;200&#8243; css_animation=&#8221;bottom-to-top&#8221; css=&#8221;&#8221;][\/vc_column][vc_column width=&#8221;3\/4&#8243;]<div class='team_member  '>\n\t<div class='avatar_holder'>\n\t\t<div class='hover_social'>\n\t\t\t<ul class='um_center_vertically'>\n\t\t\t\t\n\t\t\t<\/ul>\n\t\t<\/div>\n\t    \n\t<\/div>\n\t<h4><strong>Mapi Gracia<\/strong><\/h4>\n\t<h5><\/h5>\n\t<p><\/p>\n<p class=\"p1\"><span class=\"s1\">She holds a degree in law by the University of Zaragoza, and was an attorney for REICAZ from 2004 to 2013. Since 2017 she is a programmer and producer in Zinentiendo, International LGTBQI+ Film Festival of Aragon hosted by Colectivo Towanda.<\/span><\/p>\n<p><\/p>\n<\/div>[\/vc_column][\/vc_row][vc_row][vc_column][vc_custom_heading text=&#8221;Krak&#8221; font_container=&#8221;tag:h1|font_size:100|text_align:left|color:%23000000&#8243; google_fonts=&#8221;font_family:Montserrat%3Aregular%2C700|font_style:700%20bold%20regular%3A700%3Anormal&#8221;][\/vc_column][\/vc_row][vc_row][vc_column width=&#8221;1\/4&#8243;][vc_single_image image=&#8221;10673&#8243; img_size=&#8221;200&#8243; css_animation=&#8221;bottom-to-top&#8221; css=&#8221;&#8221;][\/vc_column][vc_column width=&#8221;3\/4&#8243;]<div class='team_member  '>\n\t<div class='avatar_holder'>\n\t\t<div class='hover_social'>\n\t\t\t<ul class='um_center_vertically'>\n\t\t\t\t\n\t\t\t<\/ul>\n\t\t<\/div>\n\t    \n\t<\/div>\n\t<h4><strong>Colectivo La Morada<\/strong><\/h4>\n\t<h5><\/h5>\n\t<p><\/p>\n<p class=\"p1\"><span class=\"s1\">\u200b\u200bA feminist housing cooperative on assignment located in the Roquetes district of Barcelona and driven by dykes, transgender people and other dissident identities. La Morada is experimenting with the creation of a feminist, sustainable, community-based and solidarity-based model of living. It is a journey, a laboratory, a dream: a pledge to learn to share the different stages of life in a more creative and communal way.<\/span><\/p>\n<p><\/p>\n<\/div>[\/vc_column][\/vc_row][vc_row][vc_column width=&#8221;1\/4&#8243;][vc_single_image image=&#8221;10672&#8243; img_size=&#8221;200&#8243; css_animation=&#8221;bottom-to-top&#8221; css=&#8221;&#8221;][\/vc_column][vc_column width=&#8221;3\/4&#8243;]<div class='team_member  '>\n\t<div class='avatar_holder'>\n\t\t<div class='hover_social'>\n\t\t\t<ul class='um_center_vertically'>\n\t\t\t\t\n\t\t\t<\/ul>\n\t\t<\/div>\n\t    \n\t<\/div>\n\t<h4><strong>Gabriela Wiener<\/strong><\/h4>\n\t<h5><\/h5>\n\t<p><\/p>\n<p class=\"p1\"><span class=\"s1\">She is a Peruvian writer and journalist. She is part of Sudakasa, a collective project of migrant art and writing. She has published a dozen books and in different international media, including Etiqueta Negra, New York Times and publico.es. She won the Peruvian National Journalism Award and the Ciutat de Barcelona 2024 Award. <\/span><\/p>\n<p><\/p>\n<\/div>[\/vc_column][\/vc_row][vc_row][vc_column width=&#8221;1\/4&#8243;][vc_single_image image=&#8221;10674&#8243; img_size=&#8221;200&#8243; css_animation=&#8221;bottom-to-top&#8221; css=&#8221;&#8221;][\/vc_column][vc_column width=&#8221;3\/4&#8243;]<div class='team_member  '>\n\t<div class='avatar_holder'>\n\t\t<div class='hover_social'>\n\t\t\t<ul class='um_center_vertically'>\n\t\t\t\t\n\t\t\t<\/ul>\n\t\t<\/div>\n\t    \n\t<\/div>\n\t<h4><strong>Ra\u00fal Barreras<\/strong><\/h4>\n\t<h5><\/h5>\n\t<p><\/p>\n<p class=\"p1\"><span class=\"s1\">Film editor and filmmaker who has worked professionally both in Central America and Europe. He graduated in editing from the EICTV in San Antonio de los Ba\u00f1os, Cuba. As an editor, he has made <em>Sugar Island, 20.000 especies de abejas<\/em> and <em>La hija de todas las rabias<\/em>, among other films. In 2022 he directed <em>Arnasa<\/em>, a short film selected in more than thirty festivals which was awarded eight different prizes. He is currently developing his first feature film, <em>Nuestro temblor<\/em>. He has also taught editing at the ECAM and the CENTA School.<\/span><\/p>\n<p><\/p>\n<\/div>[\/vc_column][\/vc_row][vc_row][vc_column][vc_column_text css=&#8221;&#8221;]<\/p>\n<h1 id=\"JURADOS\" style=\"text-align: center;\">OTHER JURIES<\/h1>\n<p>[\/vc_column_text][\/vc_column][\/vc_row][vc_row][vc_column][vc_column_text css=&#8221;&#8221;]<\/p>\n<p class=\"p2\"><strong>DIVERSITY and HUMAN RIGHTS JURY<\/strong><\/p>\n<p class=\"p3\"><span class=\"s1\">\u2022 Maritxu Arroyo Cruz &#8211; BFA \/ DFB <\/span><\/p>\n<p class=\"p3\"><span class=\"s1\">\u2022 Gorka L\u00f3pez Arantzamendi &#8211; Festival Internacional de Cine Invisible, Film Sozialak <\/span><\/p>\n<p class=\"p3\"><span class=\"s1\">\u2022 Carol Ru\u00edz Pe\u00f1uela &#8211; Miembro del equipo de Diversidad de Amnist\u00eda Internacional <\/span><\/p>\n<p class=\"p2\"><strong>LESBIANISM and GENDER JURY<\/strong><\/p>\n<p class=\"p3\"><span class=\"s1\">\u2022 Celeste Ag\u00fcero Gonz\u00e1lez &#8211; Ukatu<\/span><\/p>\n<p class=\"p3\"><span class=\"s1\">\u2022 Garazi Basterretxea<\/span><\/p>\n<p class=\"p3\"><span class=\"s1\">\u2022 Maite Elorrio<\/span><\/p>\n<p class=\"p3\"><span class=\"s1\">\u2022 Ana P\u00e9rez P\u00e9rez<\/span><\/p>\n<p class=\"p2\"><strong>EAB JURY<\/strong><\/p>\n<p class=\"p3\"><span class=\"s1\">\u2022 Eneko Arcas<\/span><\/p>\n<p class=\"p3\"><span class=\"s1\">\u2022 Elena S\u00e1enz<\/span><\/p>\n<p class=\"p3\"><span class=\"s1\">\u2022 Aitor Gabiola<\/span><\/p>\n<p class=\"p2\"><strong>YOUTH JURY<\/strong><\/p>\n<p class=\"p3\"><span class=\"s1\">CIFP Tartanga LHII, Dantzerti, ECPV, EHU<\/span><\/p>\n<p class=\"p3\"><span class=\"s2\">students<\/span><\/p>\n<p class=\"p3\"><span class=\"s1\">Izaro Negredo Gonzalez, Paula P\u00e9rez San Jos\u00e9, Enzo Barrado Basa\u00f1ez, Ainhoa L\u00f3pez, Gorane Chueca, Haizea Elorza, Micaela Rom\u00e1n, Jaime Fierro Moradell, Laura Besada Garrido, Sam G\u00f3mez Ortiz, Emilia Rangel.<\/span><\/p>\n<p class=\"p2\"><strong>SENIOR JURY<\/strong><\/p>\n<p class=\"p5\"><span class=\"s1\">Shaped by seniors and representatives from various adult education centers.<\/span><\/p>\n<p class=\"p3\"><span class=\"s1\">Txaro Medina Diez, Mario Liendo Cavada, Itziar Foruria Atxabal, Estibaliz Larreategi Cuadra, Asun Amillategui Uriarte, Felipe Javier Lozano Luengo, Maria Aranzazu Garcia Mendikoetxea, Inmaculada Martinez Molinuevo,<span class=\"Apple-converted-space\">\u00a0 <\/span>Zuri\u00f1e Arruza Marina. <\/span><\/p>\n<p>[\/vc_column_text][\/vc_column][\/vc_row]<\/p>\n<\/div>","protected":false},"excerpt":{"rendered":"<p>[vc_row][vc_column][vc_single_image image=&#8221;10675&#8243; img_size=&#8221;full&#8221; alignment=&#8221;center&#8221; css=&#8221;&#8221;][vc_custom_heading text=&#8221;Dok&#8221; font_container=&#8221;tag:h1|font_size:100|text_align:left|color:%23000000&#8243; google_fonts=&#8221;font_family:Montserrat%3Aregular%2C700|font_style:700%20bold%20regular%3A700%3Anormal&#8221;][\/vc_column][\/vc_row][vc_row][vc_column width=&#8221;1\/4&#8243;][vc_single_image image=&#8221;10666&#8243; img_size=&#8221;200&#8243; css_animation=&#8221;bottom-to-top&#8221; css=&#8221;&#8221;][\/vc_column][vc_column width=&#8221;3\/4&#8243;][\/vc_column][\/vc_row][vc_row][vc_column width=&#8221;1\/4&#8243;][vc_single_image image=&#8221;10667&#8243; img_size=&#8221;200&#8243; css_animation=&#8221;bottom-to-top&#8221; css=&#8221;&#8221;][\/vc_column][vc_column width=&#8221;3\/4&#8243;][\/vc_column][\/vc_row][vc_row][vc_column width=&#8221;1\/4&#8243;][vc_single_image image=&#8221;10668&#8243; img_size=&#8221;200&#8243; css_animation=&#8221;bottom-to-top&#8221; css=&#8221;&#8221;][\/vc_column][vc_column width=&#8221;3\/4&#8243;][\/vc_column][\/vc_row][vc_row][vc_column][vc_custom_heading text=&#8221;Fik&#8221; font_container=&#8221;tag:h1|font_size:100|text_align:left|color:%23000000&#8243; google_fonts=&#8221;font_family:Montserrat%3Aregular%2C700|font_style:700%20bold%20regular%3A700%3Anormal&#8221;][\/vc_column][\/vc_row][vc_row][vc_column width=&#8221;1\/4&#8243;][vc_single_image image=&#8221;10669&#8243; img_size=&#8221;200&#8243; css_animation=&#8221;bottom-to-top&#8221; css=&#8221;&#8221;][\/vc_column][vc_column width=&#8221;3\/4&#8243;][\/vc_column][\/vc_row][vc_row][vc_column width=&#8221;1\/4&#8243;][vc_single_image image=&#8221;10670&#8243; img_size=&#8221;200&#8243; css_animation=&#8221;bottom-to-top&#8221; css=&#8221;&#8221;][\/vc_column][vc_column width=&#8221;3\/4&#8243;][\/vc_column][\/vc_row][vc_row][vc_column width=&#8221;1\/4&#8243;][vc_single_image image=&#8221;10671&#8243; img_size=&#8221;200&#8243; css_animation=&#8221;bottom-to-top&#8221; css=&#8221;&#8221;][\/vc_column][vc_column width=&#8221;3\/4&#8243;][\/vc_column][\/vc_row][vc_row][vc_column][vc_custom_heading text=&#8221;Krak&#8221; font_container=&#8221;tag:h1|font_size:100|text_align:left|color:%23000000&#8243; google_fonts=&#8221;font_family:Montserrat%3Aregular%2C700|font_style:700%20bold%20regular%3A700%3Anormal&#8221;][\/vc_column][\/vc_row][vc_row][vc_column width=&#8221;1\/4&#8243;][vc_single_image image=&#8221;10673&#8243; img_size=&#8221;200&#8243; css_animation=&#8221;bottom-to-top&#8221; css=&#8221;&#8221;][\/vc_column][vc_column [&hellip;]<\/p>\n","protected":false},"author":1,"featured_media":0,"parent":0,"menu_order":0,"comment_status":"closed","ping_status":"closed","template":"","meta":{"footnotes":""},"class_list":["post-2711","page","type-page","status-publish","hentry"],"_links":{"self":[{"href":"https:\/\/zinegoak.com\/en\/wp-json\/wp\/v2\/pages\/2711","targetHints":{"allow":["GET"]}}],"collection":[{"href":"https:\/\/zinegoak.com\/en\/wp-json\/wp\/v2\/pages"}],"about":[{"href":"https:\/\/zinegoak.com\/en\/wp-json\/wp\/v2\/types\/page"}],"author":[{"embeddable":true,"href":"https:\/\/zinegoak.com\/en\/wp-json\/wp\/v2\/users\/1"}],"replies":[{"embeddable":true,"href":"https:\/\/zinegoak.com\/en\/wp-json\/wp\/v2\/comments?post=2711"}],"version-history":[{"count":49,"href":"https:\/\/zinegoak.com\/en\/wp-json\/wp\/v2\/pages\/2711\/revisions"}],"predecessor-version":[{"id":10678,"href":"https:\/\/zinegoak.com\/en\/wp-json\/wp\/v2\/pages\/2711\/revisions\/10678"}],"wp:attachment":[{"href":"https:\/\/zinegoak.com\/en\/wp-json\/wp\/v2\/media?parent=2711"}],"curies":[{"name":"wp","href":"https:\/\/api.w.org\/{rel}","templated":true}]}}