{"id":3204,"date":"2018-02-08T07:51:35","date_gmt":"2018-02-08T07:51:35","guid":{"rendered":"https:\/\/zinegoak.com\/?page_id=3204"},"modified":"2025-06-09T17:53:07","modified_gmt":"2025-06-09T15:53:07","slug":"staff","status":"publish","type":"page","link":"https:\/\/zinegoak.com\/en\/staff\/","title":{"rendered":"STAFF"},"content":{"rendered":"<div class=\"wpb-content-wrapper\"><p>[vc_row][vc_column css=&#8221;.vc_custom_1549133376420{background-position: 0 0 !important;background-repeat: no-repeat !important;}&#8221;][vc_single_image image=&#8221;10473&#8243; img_size=&#8221;full&#8221; alignment=&#8221;center&#8221; css=&#8221;&#8221;][vc_column_text]<\/p>\n<h1 style=\"text-align: center;\">STAFF<\/h1>\n<p>[\/vc_column_text][\/vc_column][\/vc_row][vc_row][vc_column][vc_column_text css=&#8221;&#8221;]<\/p>\n<p class=\"p1\"><b>Alaitz Arenzana Letamendi<\/b><\/p>\n<p class=\"p2\"><span class=\"s1\">director<\/span><\/p>\n<p class=\"p1\"><b>Ana\u00eds C\u00f3rdova-P\u00e1ez<\/b><\/p>\n<p class=\"p2\"><span class=\"s1\">programming &amp; production<\/span><\/p>\n<p class=\"p1\"><b>Bea Majuelo<\/b><\/p>\n<p class=\"p2\"><span class=\"s1\">ZineGogoak<\/span><\/p>\n<p class=\"p1\"><b>Bitart New Media<\/b><\/p>\n<p class=\"p2\"><span class=\"s1\">subtitles &amp; compressed<\/span><\/p>\n<p class=\"p1\"><b>Carlos Loureda<\/b><\/p>\n<p class=\"p2\"><span class=\"s1\">feature films programming<\/span><\/p>\n<p class=\"p1\"><b>Ibai Sarasua Garc\u00eda<\/b><\/p>\n<p class=\"p2\"><span class=\"s1\">eus translation<\/span><\/p>\n<p class=\"p1\"><b>Ines Bermejo Larra\u00f1aga<\/b><\/p>\n<p class=\"p2\"><span class=\"s1\">Volunteering, youth &amp; senior juries<\/span><\/p>\n<p class=\"p1\"><b>Ion Zubizarreta<\/b><\/p>\n<p class=\"p2\"><span class=\"s1\">basque subtitles<\/span><\/p>\n<p class=\"p1\"><b>Itxaso Gonz\u00e1lez (DOXA)<\/b><\/p>\n<p class=\"p2\"><span class=\"s1\">ZG Hedapena<\/span><\/p>\n<p class=\"p1\"><b>Jos\u00e9 Antonio Moya Calder\u00f3n<\/b><\/p>\n<p class=\"p2\"><span class=\"s1\">es-en translation<\/span><\/p>\n<p class=\"p1\"><b>Julen Nafarrate Aurrekoetxea<\/b><\/p>\n<p class=\"p2\"><span class=\"s1\">communications &amp; press<\/span><\/p>\n<p class=\"p1\"><b>Lander Telletxea Armendariz<\/b><\/p>\n<p class=\"p2\"><span class=\"s1\">Short films programming, catalogue &amp; graphic-web design<\/span><\/p>\n<p class=\"p1\"><b>Marina Gallardo Izquierdo<\/b><\/p>\n<p class=\"p2\"><span class=\"s1\">photo<\/span><\/p>\n<p class=\"p1\"><b>Maren Gonz\u00e1lez Zubeldia<\/b><\/p>\n<p class=\"p2\"><span class=\"s1\">short films programming &amp; production<\/span><\/p>\n<p class=\"p1\"><b>Marta Bermejo<\/b><\/p>\n<p class=\"p2\"><span class=\"s1\">english interpreter<\/span><\/p>\n<p class=\"p1\"><b>Marta Garc\u00eda<\/b><\/p>\n<p class=\"p2\"><span class=\"s1\">catalogue<\/span><\/p>\n<p class=\"p1\"><b>Meri Salazar Ria\u00f1o<\/b><\/p>\n<p class=\"p2\"><span class=\"s1\">production manager &amp; print traffic<\/span><\/p>\n<p class=\"p1\"><b>Pau G. Guill\u00e9n<\/b><\/p>\n<p class=\"p2\"><span class=\"s1\">programming coordinator &amp; print traffic<\/span><\/p>\n<p class=\"p1\"><b>Pedro Andrade<\/b><\/p>\n<p class=\"p2\"><span class=\"s1\">administration<\/span><\/p>\n<p class=\"p1\"><b>Pello Maudo<\/b><\/p>\n<p class=\"p2\"><span class=\"s1\">short films programming &amp; editing<\/span><\/p>\n<p class=\"p1\"><b>Sinkro Subtitling<\/b><\/p>\n<p class=\"p2\"><span class=\"s1\">subtitles<\/span><\/p>\n<p class=\"p7\"><span class=\"s1\">We would like to thank the associations\u2019, collectives\u2019 and volunteers\u2019 support for making this festival possible.<\/span><\/p>\n<p>[\/vc_column_text][\/vc_column][\/vc_row]<\/p>\n<\/div>","protected":false},"excerpt":{"rendered":"<p>[vc_row][vc_column css=&#8221;.vc_custom_1549133376420{background-position: 0 0 !important;background-repeat: no-repeat !important;}&#8221;][vc_single_image image=&#8221;10473&#8243; img_size=&#8221;full&#8221; alignment=&#8221;center&#8221; css=&#8221;&#8221;][vc_column_text] STAFF [\/vc_column_text][\/vc_column][\/vc_row][vc_row][vc_column][vc_column_text css=&#8221;&#8221;] Alaitz Arenzana Letamendi director Ana\u00eds C\u00f3rdova-P\u00e1ez programming &amp; production Bea Majuelo ZineGogoak Bitart New Media subtitles &amp; compressed Carlos Loureda feature films programming Ibai Sarasua Garc\u00eda eus translation Ines Bermejo Larra\u00f1aga Volunteering, youth &amp; senior juries Ion Zubizarreta basque subtitles Itxaso [&hellip;]<\/p>\n","protected":false},"author":1,"featured_media":0,"parent":0,"menu_order":0,"comment_status":"closed","ping_status":"closed","template":"","meta":{"footnotes":""},"class_list":["post-3204","page","type-page","status-publish","hentry"],"_links":{"self":[{"href":"https:\/\/zinegoak.com\/en\/wp-json\/wp\/v2\/pages\/3204","targetHints":{"allow":["GET"]}}],"collection":[{"href":"https:\/\/zinegoak.com\/en\/wp-json\/wp\/v2\/pages"}],"about":[{"href":"https:\/\/zinegoak.com\/en\/wp-json\/wp\/v2\/types\/page"}],"author":[{"embeddable":true,"href":"https:\/\/zinegoak.com\/en\/wp-json\/wp\/v2\/users\/1"}],"replies":[{"embeddable":true,"href":"https:\/\/zinegoak.com\/en\/wp-json\/wp\/v2\/comments?post=3204"}],"version-history":[{"count":13,"href":"https:\/\/zinegoak.com\/en\/wp-json\/wp\/v2\/pages\/3204\/revisions"}],"predecessor-version":[{"id":10913,"href":"https:\/\/zinegoak.com\/en\/wp-json\/wp\/v2\/pages\/3204\/revisions\/10913"}],"wp:attachment":[{"href":"https:\/\/zinegoak.com\/en\/wp-json\/wp\/v2\/media?parent=3204"}],"curies":[{"name":"wp","href":"https:\/\/api.w.org\/{rel}","templated":true}]}}