{"id":4653,"date":"2019-03-04T16:22:55","date_gmt":"2019-03-04T16:22:55","guid":{"rendered":"https:\/\/zinegoak.com\/?page_id=4653"},"modified":"2019-03-04T16:23:33","modified_gmt":"2019-03-04T16:23:33","slug":"zghextension_arrasate","status":"publish","type":"page","link":"https:\/\/zinegoak.com\/en\/zghextension_arrasate\/","title":{"rendered":"ZGHEXTENSION_ARRASATE"},"content":{"rendered":"<div class=\"wpb-content-wrapper\"><p>[vc_row][vc_column][layerslider_vc id=&#8221;12&#8243;][\/vc_column][\/vc_row][vc_row][vc_column][vc_single_image image=&#8221;4303&#8243; img_size=&#8221;full&#8221; alignment=&#8221;center&#8221;][vc_column_text]<\/p>\n<h2><em>Las pel\u00edculas se proyectar\u00e1n subtituladas en euskera y castellano, menos aquellas en las que la versi\u00f3n original sea en castellano<\/em><\/h2>\n<p>[\/vc_column_text][vc_basic_grid post_type=&#8221;ids&#8221; item=&#8221;315&#8243; grid_id=&#8221;vc_gid:1551716483427-27d00594-3875-8&#8243; include=&#8221;4131, 3752, 4127, 3734, 3726&#8243;][\/vc_column][\/vc_row]<\/p>\n<\/div>","protected":false},"excerpt":{"rendered":"<p>[vc_row][vc_column][layerslider_vc id=&#8221;12&#8243;][\/vc_column][\/vc_row][vc_row][vc_column][vc_single_image image=&#8221;4303&#8243; img_size=&#8221;full&#8221; alignment=&#8221;center&#8221;][vc_column_text] Las pel\u00edculas se proyectar\u00e1n subtituladas en euskera y castellano, menos aquellas en las que la versi\u00f3n original sea en castellano [\/vc_column_text][vc_basic_grid post_type=&#8221;ids&#8221; item=&#8221;315&#8243; grid_id=&#8221;vc_gid:1551716483427-27d00594-3875-8&#8243; include=&#8221;4131, 3752, 4127, 3734, 3726&#8243;][\/vc_column][\/vc_row]<\/p>\n","protected":false},"author":1,"featured_media":0,"parent":0,"menu_order":0,"comment_status":"closed","ping_status":"closed","template":"","meta":{"footnotes":""},"class_list":["post-4653","page","type-page","status-publish","hentry"],"_links":{"self":[{"href":"https:\/\/zinegoak.com\/en\/wp-json\/wp\/v2\/pages\/4653","targetHints":{"allow":["GET"]}}],"collection":[{"href":"https:\/\/zinegoak.com\/en\/wp-json\/wp\/v2\/pages"}],"about":[{"href":"https:\/\/zinegoak.com\/en\/wp-json\/wp\/v2\/types\/page"}],"author":[{"embeddable":true,"href":"https:\/\/zinegoak.com\/en\/wp-json\/wp\/v2\/users\/1"}],"replies":[{"embeddable":true,"href":"https:\/\/zinegoak.com\/en\/wp-json\/wp\/v2\/comments?post=4653"}],"version-history":[{"count":2,"href":"https:\/\/zinegoak.com\/en\/wp-json\/wp\/v2\/pages\/4653\/revisions"}],"predecessor-version":[{"id":4656,"href":"https:\/\/zinegoak.com\/en\/wp-json\/wp\/v2\/pages\/4653\/revisions\/4656"}],"wp:attachment":[{"href":"https:\/\/zinegoak.com\/en\/wp-json\/wp\/v2\/media?parent=4653"}],"curies":[{"name":"wp","href":"https:\/\/api.w.org\/{rel}","templated":true}]}}