{"id":5245,"date":"2020-02-04T09:38:33","date_gmt":"2020-02-04T09:38:33","guid":{"rendered":"https:\/\/zinegoak.com\/?page_id=5245"},"modified":"2020-02-13T12:50:46","modified_gmt":"2020-02-13T12:50:46","slug":"express-your-sex","status":"publish","type":"page","link":"https:\/\/zinegoak.com\/en\/express-your-sex\/","title":{"rendered":"express&#8230;your sex!"},"content":{"rendered":"<div class=\"wpb-content-wrapper\"><p>[vc_row][vc_column][layerslider_vc id=&#8221;19&#8243;][\/vc_column][\/vc_row][vc_row][vc_column][vc_single_image image=&#8221;5054&#8243; img_size=&#8221;large&#8221; alignment=&#8221;center&#8221;][vc_column_text]<\/p>\n<p class=\"p1\">Te invitamos a participar en una proyecci\u00f3n especial de los trabajos expr\u00e9s realizados durante el fin de semana por estudiantes de distintas escuelas audiovisuales y por quienes hayan querido apuntarse y participar en este concurso de creaci\u00f3n.<\/p>\n<p class=\"p1\">Las normas son sencillas: solo se puede usar el tel\u00e9fono m\u00f3vil, se deber\u00e1 abordar alg\u00fan elemento relacionado con la diversidad sexual y debe estar reflejado el lema de esta edici\u00f3n: + de mil maneras de ser \/ sentir \/ amar \/ vivir.<\/p>\n<p class=\"p1\">Durante este pase se proyectar\u00e1n algunos de los trabajos presentados en el concurso y se dar\u00e1n a conocer los premios otorgados por el jurado. Adem\u00e1s t\u00fa tambi\u00e9n decidir\u00e1s y ser\u00e1s protagonista, ya que durante el visionado se podr\u00e1 votar para elegir el ganador del premio del p\u00fablico.<\/p>\n<p class=\"p1\">Asier Santamari(c)a presentar\u00e1 esta mini-gala-expr\u00e9s en la que seguro descubrimos nuevas maneras de mostrar nuestra sexualidad en la pantalla grande.<\/p>\n<p>[\/vc_column_text][vc_row_inner][vc_column_inner width=&#8221;1\/4&#8243;][vc_btn title=&#8221;Bases&#8221; link=&#8221;url:https%3A%2F%2Fzinegoak.com%2Fwp-content%2Fuploads%2F2017%2F02%2Fzgexpress_oinarriak.pdf|||&#8221;][\/vc_column_inner][vc_column_inner width=&#8221;1\/4&#8243;][vc_btn title=&#8221;Ficha de inscripcion&#8221; link=&#8221;url:https%3A%2F%2Fzinegoak.com%2Fwp-content%2Fuploads%2F2017%2F02%2Fzgexpress_izenematea-1.pdf|||&#8221;][\/vc_column_inner][vc_column_inner width=&#8221;1\/4&#8243;][vc_btn title=&#8221;Condiciones&#8221; link=&#8221;url:https%3A%2F%2Fzinegoak.com%2Fwp-content%2Fuploads%2F2017%2F02%2Fzgexpress_baldintzak.pdf|||&#8221;][\/vc_column_inner][vc_column_inner width=&#8221;1\/4&#8243;][vc_single_image image=&#8221;4299&#8243; img_size=&#8221;200&#215;100&#8243; alignment=&#8221;center&#8221;][vc_btn title=&#8221;Ficha de Licencia&#8221; link=&#8221;url:https%3A%2F%2Fzinegoak.com%2Fwp-content%2Fuploads%2F2017%2F02%2Fzgexpress_baldintzak.pdf|||&#8221;][vc_btn title=&#8221;Instrucciones&#8221; link=&#8221;url:https%3A%2F%2Fzinegoak.com%2Fwp-content%2Fuploads%2F2017%2F02%2Finstrucciones_music.pdf|||&#8221;][\/vc_column_inner][\/vc_row_inner][vc_single_image image=&#8221;5246&#8243; img_size=&#8221;large&#8221; alignment=&#8221;center&#8221;][\/vc_column][\/vc_row]<\/p>\n<\/div>","protected":false},"excerpt":{"rendered":"<p>[vc_row][vc_column][layerslider_vc id=&#8221;19&#8243;][\/vc_column][\/vc_row][vc_row][vc_column][vc_single_image image=&#8221;5054&#8243; img_size=&#8221;large&#8221; alignment=&#8221;center&#8221;][vc_column_text] Te invitamos a participar en una proyecci\u00f3n especial de los trabajos expr\u00e9s realizados durante el fin de semana por estudiantes de distintas escuelas audiovisuales y por quienes hayan querido apuntarse y participar en este concurso de creaci\u00f3n. Las normas son sencillas: solo se puede usar el tel\u00e9fono m\u00f3vil, se deber\u00e1 [&hellip;]<\/p>\n","protected":false},"author":1,"featured_media":0,"parent":0,"menu_order":0,"comment_status":"closed","ping_status":"closed","template":"","meta":{"footnotes":""},"class_list":["post-5245","page","type-page","status-publish","hentry"],"_links":{"self":[{"href":"https:\/\/zinegoak.com\/en\/wp-json\/wp\/v2\/pages\/5245","targetHints":{"allow":["GET"]}}],"collection":[{"href":"https:\/\/zinegoak.com\/en\/wp-json\/wp\/v2\/pages"}],"about":[{"href":"https:\/\/zinegoak.com\/en\/wp-json\/wp\/v2\/types\/page"}],"author":[{"embeddable":true,"href":"https:\/\/zinegoak.com\/en\/wp-json\/wp\/v2\/users\/1"}],"replies":[{"embeddable":true,"href":"https:\/\/zinegoak.com\/en\/wp-json\/wp\/v2\/comments?post=5245"}],"version-history":[{"count":6,"href":"https:\/\/zinegoak.com\/en\/wp-json\/wp\/v2\/pages\/5245\/revisions"}],"predecessor-version":[{"id":5802,"href":"https:\/\/zinegoak.com\/en\/wp-json\/wp\/v2\/pages\/5245\/revisions\/5802"}],"wp:attachment":[{"href":"https:\/\/zinegoak.com\/en\/wp-json\/wp\/v2\/media?parent=5245"}],"curies":[{"name":"wp","href":"https:\/\/api.w.org\/{rel}","templated":true}]}}