{"id":5377,"date":"2020-02-06T09:20:19","date_gmt":"2020-02-06T09:20:19","guid":{"rendered":"https:\/\/zinegoak.com\/?page_id=5377"},"modified":"2020-02-08T17:49:42","modified_gmt":"2020-02-08T17:49:42","slug":"barbara-hammer","status":"publish","type":"page","link":"https:\/\/zinegoak.com\/en\/barbara-hammer\/","title":{"rendered":"BARBARA HAMMER"},"content":{"rendered":"<div class=\"wpb-content-wrapper\"><p>[vc_row][vc_column][layerslider_vc id=&#8221;19&#8243;][\/vc_column][\/vc_row][vc_row][vc_column][vc_single_image image=&#8221;5378&#8243; img_size=&#8221;full&#8221; alignment=&#8221;center&#8221;][vc_column_text]<\/p>\n<p class=\"p1\">Barbara Hammer es, sin lugar a dudas, la gran pionera del cine l\u00e9sbico. Realizadora de m\u00e1s de 70 cortometrajes y nueve largometrajes de corte documental y experimental, Hammer se cuestion\u00f3 la necesidad de crear una nueva narrativa que se apartara de las visiones patriarcales y encontrar lenguajes f\u00edlmicos propios con los que expresar la experiencia l\u00e9sbica y las particularidades de su vivencia y deseo.<\/p>\n<p class=\"p1\">Barbara Hammer falleci\u00f3 el 16 de marzo de 2019. Desde Zinegoak queremos realizar un homenaje a esta figura fundamental y recuperar parte de su obra ofreciendo tres de sus pel\u00edculas clave. <i>Dyketactics<\/i>, considerada de manera mayoritaria como la primera obra cinematogr\u00e1fica con protagonistas lesbianas; <i>Nitrate Kisses<\/i>, el salto a la creaci\u00f3n de largometraje y <i>A horse is not a metaphor<\/i>, la pel\u00edcula en la que centra el discurso en la relaci\u00f3n que estableci\u00f3 con la enfermedad que finalmente la condujo a la muerte.<\/p>\n<p class=\"p1\">Un breve repaso a su filmograf\u00eda que nos ayuda a comprender mejor los elementos que construyen su imaginario propio y las claves sobre las que fue elaborando su cine.<\/p>\n<p>[\/vc_column_text][\/vc_column][\/vc_row][vc_row][vc_column][vc_basic_grid post_type=&#8221;post&#8221; max_items=&#8221;&#8221; element_width=&#8221;3&#8243; orderby=&#8221;title&#8221; item=&#8221;315&#8243; grid_id=&#8221;vc_gid:1580980736170-0c506dfa-799b-4&#8243; taxonomies=&#8221;182&#8243; css=&#8221;.vc_custom_1580980785577{border-left-width: 30px !important;}&#8221;][\/vc_column][\/vc_row]<\/p>\n<\/div>","protected":false},"excerpt":{"rendered":"<p>[vc_row][vc_column][layerslider_vc id=&#8221;19&#8243;][\/vc_column][\/vc_row][vc_row][vc_column][vc_single_image image=&#8221;5378&#8243; img_size=&#8221;full&#8221; alignment=&#8221;center&#8221;][vc_column_text] Barbara Hammer es, sin lugar a dudas, la gran pionera del cine l\u00e9sbico. Realizadora de m\u00e1s de 70 cortometrajes y nueve largometrajes de corte documental y experimental, Hammer se cuestion\u00f3 la necesidad de crear una nueva narrativa que se apartara de las visiones patriarcales y encontrar lenguajes f\u00edlmicos propios con [&hellip;]<\/p>\n","protected":false},"author":1,"featured_media":0,"parent":0,"menu_order":0,"comment_status":"closed","ping_status":"closed","template":"","meta":{"footnotes":""},"class_list":["post-5377","page","type-page","status-publish","hentry"],"_links":{"self":[{"href":"https:\/\/zinegoak.com\/en\/wp-json\/wp\/v2\/pages\/5377","targetHints":{"allow":["GET"]}}],"collection":[{"href":"https:\/\/zinegoak.com\/en\/wp-json\/wp\/v2\/pages"}],"about":[{"href":"https:\/\/zinegoak.com\/en\/wp-json\/wp\/v2\/types\/page"}],"author":[{"embeddable":true,"href":"https:\/\/zinegoak.com\/en\/wp-json\/wp\/v2\/users\/1"}],"replies":[{"embeddable":true,"href":"https:\/\/zinegoak.com\/en\/wp-json\/wp\/v2\/comments?post=5377"}],"version-history":[{"count":3,"href":"https:\/\/zinegoak.com\/en\/wp-json\/wp\/v2\/pages\/5377\/revisions"}],"predecessor-version":[{"id":5693,"href":"https:\/\/zinegoak.com\/en\/wp-json\/wp\/v2\/pages\/5377\/revisions\/5693"}],"wp:attachment":[{"href":"https:\/\/zinegoak.com\/en\/wp-json\/wp\/v2\/media?parent=5377"}],"curies":[{"name":"wp","href":"https:\/\/api.w.org\/{rel}","templated":true}]}}