{"id":7303,"date":"2022-02-12T11:16:50","date_gmt":"2022-02-12T10:16:50","guid":{"rendered":"https:\/\/zinegoak.com\/?page_id=7303"},"modified":"2022-02-16T17:11:19","modified_gmt":"2022-02-16T16:11:19","slug":"adrian-silvestre","status":"publish","type":"page","link":"https:\/\/zinegoak.com\/en\/adrian-silvestre\/","title":{"rendered":"ADRIAN SILVESTRE"},"content":{"rendered":"<div class=\"wpb-content-wrapper\"><p>[vc_row][vc_column css=&#8221;.vc_custom_1548600838578{background-position: 0 0 !important;background-repeat: no-repeat !important;}&#8221;][vc_single_image image=&#8221;7462&#8243; img_size=&#8221;full&#8221; alignment=&#8221;center&#8221;][vc_column_text]<\/p>\n<p class=\"p1\">Con su \u00f3pera prima, <i>Los objetos amorosos<\/i>, gan\u00f3 el premio a la mejor direcci\u00f3n de Zinegoak 2017 y desde entonces es un colaborador asiduo del festival, participando como jurado en 2019 y en varias ediciones de ZG\/PRO, donde present\u00f3 su largometraje <i>Sedimentos<\/i> en distintas fases de producci\u00f3n. Tras estrenar en el Festival de Thesalonika, donde se alz\u00f3 con el premio especial del jurado, y pasar por los festivales de M\u00e1laga, San Sebasti\u00e1n o el prestigioso festival de Londres BFI, cosechando un sinf\u00edn de galardones, <i>Sedimentos<\/i> se ha convertido de manera casi instant\u00e1nea en una referencia dentro del cine espa\u00f1ol protagonizado por personas trans. En 2022 ha recibido el reconocimiento un\u00e1nime de la cr\u00edtica, alz\u00e1ndose con el premio Feroz al mejor largometraje de no ficci\u00f3n y, por si esto no fuera suficiente, ha logrado estrenar su siguiente obra, <i>Mi vac\u00edo y yo<\/i>, en la competici\u00f3n oficial del festival de R\u00f3terdam.<\/p>\n<p class=\"p1\">Es un placer y un honor invitaros a disfrutar de esta gran pel\u00edcula en compa\u00f1\u00eda de su director y con la colaboraci\u00f3n del Cineclub Fas.<\/p>\n<p>[\/vc_column_text][\/vc_column][\/vc_row][vc_row][vc_column][vc_basic_grid post_type=&#8221;post&#8221; max_items=&#8221;1&#8243; orderby=&#8221;title&#8221; order=&#8221;ASC&#8221; item=&#8221;315&#8243; grid_id=&#8221;vc_gid:1645027847425-85798ad6-ea20-1&#8243; taxonomies=&#8221;223&#8243;][\/vc_column][\/vc_row]<\/p>\n<\/div>","protected":false},"excerpt":{"rendered":"<p>[vc_row][vc_column css=&#8221;.vc_custom_1548600838578{background-position: 0 0 !important;background-repeat: no-repeat !important;}&#8221;][vc_single_image image=&#8221;7462&#8243; img_size=&#8221;full&#8221; alignment=&#8221;center&#8221;][vc_column_text] Con su \u00f3pera prima, Los objetos amorosos, gan\u00f3 el premio a la mejor direcci\u00f3n de Zinegoak 2017 y desde entonces es un colaborador asiduo del festival, participando como jurado en 2019 y en varias ediciones de ZG\/PRO, donde present\u00f3 su largometraje Sedimentos en distintas fases [&hellip;]<\/p>\n","protected":false},"author":1,"featured_media":0,"parent":0,"menu_order":0,"comment_status":"closed","ping_status":"closed","template":"","meta":{"footnotes":""},"class_list":["post-7303","page","type-page","status-publish","hentry"],"_links":{"self":[{"href":"https:\/\/zinegoak.com\/en\/wp-json\/wp\/v2\/pages\/7303","targetHints":{"allow":["GET"]}}],"collection":[{"href":"https:\/\/zinegoak.com\/en\/wp-json\/wp\/v2\/pages"}],"about":[{"href":"https:\/\/zinegoak.com\/en\/wp-json\/wp\/v2\/types\/page"}],"author":[{"embeddable":true,"href":"https:\/\/zinegoak.com\/en\/wp-json\/wp\/v2\/users\/1"}],"replies":[{"embeddable":true,"href":"https:\/\/zinegoak.com\/en\/wp-json\/wp\/v2\/comments?post=7303"}],"version-history":[{"count":2,"href":"https:\/\/zinegoak.com\/en\/wp-json\/wp\/v2\/pages\/7303\/revisions"}],"predecessor-version":[{"id":7463,"href":"https:\/\/zinegoak.com\/en\/wp-json\/wp\/v2\/pages\/7303\/revisions\/7463"}],"wp:attachment":[{"href":"https:\/\/zinegoak.com\/en\/wp-json\/wp\/v2\/media?parent=7303"}],"curies":[{"name":"wp","href":"https:\/\/api.w.org\/{rel}","templated":true}]}}