{"id":7310,"date":"2022-02-12T11:26:43","date_gmt":"2022-02-12T10:26:43","guid":{"rendered":"https:\/\/zinegoak.com\/?page_id=7310"},"modified":"2022-02-21T10:25:04","modified_gmt":"2022-02-21T09:25:04","slug":"antony-hickling","status":"publish","type":"page","link":"https:\/\/zinegoak.com\/en\/antony-hickling\/","title":{"rendered":"ANTONY HICKLING"},"content":{"rendered":"<div class=\"wpb-content-wrapper\"><p>[vc_row][vc_column css=&#8221;.vc_custom_1548600838578{background-position: 0 0 !important;background-repeat: no-repeat !important;}&#8221;][vc_single_image image=&#8221;7706&#8243; img_size=&#8221;full&#8221; alignment=&#8221;center&#8221;][vc_column_text]<\/p>\n<p class=\"p1\">Os invitamos a disfrutar de la \u00faltima creaci\u00f3n de un director con el que Zinegoak mantiene una relaci\u00f3n especial desde sus inicios: Antony Hickling.<\/p>\n<p class=\"p1\">Antony particip\u00f3 por primera vez en Zinegoak en el a\u00f1o 2014. <i>Little Gay Boy<\/i> fue la primera obra de largometraje que form\u00f3 parte de la antigua secci\u00f3n OFF Zinegoak, antes de que esta pasara a llamarse KRAK y se incluyera en la Secci\u00f3n Oficial del Festival. En 2015, su segundo largometraje <i>One Deep Breath<\/i> no solo volv\u00eda a ser parte de OFF Zinegoak, sino que adem\u00e1s se alzaba con el premio al mejor largometraje experimental. Antony volvi\u00f3 en dos ocasiones m\u00e1s a Zinegoak: una en 2017 para presentar <i>Where Horses Go to Die<\/i> y en 2018 con una proyecci\u00f3n especial de <i>Frig<\/i> y siendo mentor de un taller de creaci\u00f3n audiovisual Queer que di\u00f3 como resultado el cortometraje <i>Eguna iluntzen danean<\/i> estrenado en 2021.<\/p>\n<p>[\/vc_column_text][\/vc_column][\/vc_row][vc_row][vc_column][vc_basic_grid post_type=&#8221;post&#8221; max_items=&#8221;1&#8243; element_width=&#8221;6&#8243; orderby=&#8221;title&#8221; order=&#8221;ASC&#8221; item=&#8221;315&#8243; grid_id=&#8221;vc_gid:1644755145085-6e9bc58a-ad41-1&#8243; taxonomies=&#8221;235&#8243;][\/vc_column][\/vc_row]<\/p>\n<\/div>","protected":false},"excerpt":{"rendered":"<p>[vc_row][vc_column css=&#8221;.vc_custom_1548600838578{background-position: 0 0 !important;background-repeat: no-repeat !important;}&#8221;][vc_single_image image=&#8221;7706&#8243; img_size=&#8221;full&#8221; alignment=&#8221;center&#8221;][vc_column_text] Os invitamos a disfrutar de la \u00faltima creaci\u00f3n de un director con el que Zinegoak mantiene una relaci\u00f3n especial desde sus inicios: Antony Hickling. Antony particip\u00f3 por primera vez en Zinegoak en el a\u00f1o 2014. Little Gay Boy fue la primera obra de largometraje que [&hellip;]<\/p>\n","protected":false},"author":1,"featured_media":0,"parent":0,"menu_order":0,"comment_status":"closed","ping_status":"closed","template":"","meta":{"footnotes":""},"class_list":["post-7310","page","type-page","status-publish","hentry"],"_links":{"self":[{"href":"https:\/\/zinegoak.com\/en\/wp-json\/wp\/v2\/pages\/7310","targetHints":{"allow":["GET"]}}],"collection":[{"href":"https:\/\/zinegoak.com\/en\/wp-json\/wp\/v2\/pages"}],"about":[{"href":"https:\/\/zinegoak.com\/en\/wp-json\/wp\/v2\/types\/page"}],"author":[{"embeddable":true,"href":"https:\/\/zinegoak.com\/en\/wp-json\/wp\/v2\/users\/1"}],"replies":[{"embeddable":true,"href":"https:\/\/zinegoak.com\/en\/wp-json\/wp\/v2\/comments?post=7310"}],"version-history":[{"count":7,"href":"https:\/\/zinegoak.com\/en\/wp-json\/wp\/v2\/pages\/7310\/revisions"}],"predecessor-version":[{"id":7707,"href":"https:\/\/zinegoak.com\/en\/wp-json\/wp\/v2\/pages\/7310\/revisions\/7707"}],"wp:attachment":[{"href":"https:\/\/zinegoak.com\/en\/wp-json\/wp\/v2\/media?parent=7310"}],"curies":[{"name":"wp","href":"https:\/\/api.w.org\/{rel}","templated":true}]}}