{"id":7490,"date":"2022-02-17T16:20:56","date_gmt":"2022-02-17T15:20:56","guid":{"rendered":"https:\/\/zinegoak.com\/?page_id=7490"},"modified":"2022-02-23T13:38:36","modified_gmt":"2022-02-23T12:38:36","slug":"masterclass-zgpro-2022","status":"publish","type":"page","link":"https:\/\/zinegoak.com\/en\/masterclass-zgpro-2022\/","title":{"rendered":"MASTERCLASS ZGPRO 2022"},"content":{"rendered":"<div class=\"wpb-content-wrapper\"><p>[vc_row][vc_column][vc_single_image image=&#8221;7150&#8243; img_size=&#8221;full&#8221;][vc_column_text]<\/p>\n<h1 style=\"text-align: center;\"><span style=\"color: #fc8686;\"><strong>MASTERCLASS ZGPRO 2022<\/strong><\/span><\/h1>\n<p>[\/vc_column_text][\/vc_column][\/vc_row][vc_row][vc_column width=&#8221;1\/4&#8243;][vc_column_text]<b>TARTANGA<\/b><\/p>\n<p><b>2 de marzo \/\u00a0<\/b><b>Mi\u00e9rcoles\u00a0 \u00a0 \u00a0 <\/b><\/p>\n<p><b>10:00-11:30<\/b>[\/vc_column_text][\/vc_column][vc_column width=&#8221;3\/4&#8243;][vc_column_text]<\/p>\n<h2><b>Tratamiento de personajes trans en la creaci\u00f3n cinematogr\u00e1fica documental.<\/b><\/h2>\n<p>[\/vc_column_text][\/vc_column][\/vc_row][vc_row][vc_column width=&#8221;1\/4&#8243;][vc_single_image image=&#8221;7492&#8243; img_size=&#8221;full&#8221; alignment=&#8221;center&#8221;][\/vc_column][vc_column width=&#8221;3\/4&#8243;][vc_column_text]<strong>CECILIA MONTAGUT<\/strong><\/p>\n<p><span style=\"font-weight: 400;\">Cineasta argentina afincada en Madrid. Ha dirigido los documentales <\/span><i><span style=\"font-weight: 400;\">Memoria y sexualidad de las mujeres bajo el franquismo<\/span><\/i><span style=\"font-weight: 400;\"> (2010) y <\/span><i><span style=\"font-weight: 400;\">C\u00e1rceles bolleras. Resistencias de las mujeres entre rejas <\/span><\/i><span style=\"font-weight: 400;\">(2018). Su nuevo proyecto, <\/span><i><span style=\"font-weight: 400;\">Las chicas de pol\u00edgono<\/span><\/i><span style=\"font-weight: 400;\">, fue seleccionado en el laboratorio Queercinelab 2020 y ha ganado el premio WIP del\u00a0 ZG\/PRO 2021.<\/span><\/p>\n<p>[\/vc_column_text][\/vc_column][\/vc_row][vc_row][vc_column width=&#8221;1\/4&#8243;][vc_single_image image=&#8221;7494&#8243; img_size=&#8221;full&#8221; alignment=&#8221;center&#8221;][\/vc_column][vc_column width=&#8221;3\/4&#8243;][vc_column_text]<\/p>\n<p><strong>ADRI\u00c1N SILVESTRE<\/strong><\/p>\n<p><span style=\"font-weight: 400;\">Director y productor de cine valenciano. Ha dirigido pel\u00ed\u00adculas de largo recorrido como <\/span><i><span style=\"font-weight: 400;\">Los objetos amorosos<\/span><\/i><span style=\"font-weight: 400;\">, <\/span><i><span style=\"font-weight: 400;\">Sedimentos<\/span><\/i><span style=\"font-weight: 400;\"> (ganador de ZG PRO en 2020) y <\/span><i><span style=\"font-weight: 400;\">Mi vac\u00edo y yo<\/span><\/i><span style=\"font-weight: 400;\"> que ha tenido su estreno en el Festival de Cine de Rotterdam.<\/span>[\/vc_column_text][\/vc_column][\/vc_row][vc_row][vc_column][vc_separator color=&#8221;juicy_pink&#8221;][\/vc_column][\/vc_row][vc_row][vc_column width=&#8221;1\/4&#8243;][vc_column_text]<b>ECPV\u00a0<\/b><\/p>\n<p><b>3 de marzo \/ Jueves<\/b><\/p>\n<p><b>10:00-11:30<\/b>[\/vc_column_text][\/vc_column][vc_column width=&#8221;3\/4&#8243;][vc_column_text]<\/p>\n<h2><b>Posibilidades de financiaci\u00f3n para proyectos desde MEDIA y la Eurorregion NAEN.<\/b><\/h2>\n<p>[\/vc_column_text][\/vc_column][\/vc_row][vc_row][vc_column width=&#8221;1\/4&#8243;][vc_single_image image=&#8221;7495&#8243; img_size=&#8221;full&#8221; alignment=&#8221;center&#8221;][\/vc_column][vc_column width=&#8221;3\/4&#8243;][vc_column_text]<strong>AINHOA GONZALEZ SANCHIZ<\/strong><\/p>\n<p><span style=\"font-weight: 400;\">Responsable de Europa Creativa Desk MEDIA Euskadi. Desde esta oficina ha trabajado en la promoci\u00f3n del cine vasco y para ello ha participado en los mercados internacionales m\u00e1s importantes de Europa (EFM de la Berlinale, MIPTV, MIPCOM, March\u00e9 du Film del Festival de Cannes, When East MeetsWest, Series Mania) y ha organizado jornadas y talleres de innovaci\u00f3n de herramientas importantes para la formaci\u00f3n y el trabajo en red entre profesionales del cine vasco y europeo.<\/span><\/p>\n<p>[\/vc_column_text][\/vc_column][\/vc_row][vc_row][vc_column width=&#8221;1\/4&#8243;][vc_single_image image=&#8221;7499&#8243; img_size=&#8221;full&#8221; alignment=&#8221;center&#8221;][\/vc_column][vc_column width=&#8221;3\/4&#8243;][vc_column_text]<\/p>\n<p><strong>MAR IZQUIERDO<\/strong><\/p>\n<p><span style=\"font-weight: 400;\">Desde 2021 es coordinadora de Zineuskadi y, entre otras cosas, gestiona ayudas como el proyecto Zinema Euskaraz.<\/span>[\/vc_column_text][\/vc_column][\/vc_row][vc_row][vc_column][vc_separator color=&#8221;juicy_pink&#8221;][\/vc_column][\/vc_row][vc_row][vc_column width=&#8221;1\/4&#8243;][vc_column_text]<b>ECPV\u00a0<\/b><\/p>\n<p><b>2 de marzo \/ Mi\u00e9rcoles<\/b><\/p>\n<p><b>10:00-11:00<\/b>[\/vc_column_text][\/vc_column][vc_column width=&#8221;3\/4&#8243;][vc_column_text]<\/p>\n<h2><b>Autogesti\u00f3n de la producci\u00f3n, direcci\u00f3n y distribuci\u00f3n de la obra. C\u00f3mo trabajar la sexualidad expl\u00edcita en el cine.<\/b><\/h2>\n<p>[\/vc_column_text][\/vc_column][\/vc_row][vc_row][vc_column width=&#8221;1\/4&#8243;][vc_single_image image=&#8221;7493&#8243; img_size=&#8221;full&#8221; alignment=&#8221;center&#8221;][\/vc_column][vc_column width=&#8221;3\/4&#8243;][vc_column_text]<strong>NOEL ALEJANDRO<\/strong><\/p>\n<p><span style=\"font-weight: 400;\">Berlinen bizi den zinegile espainiarra helduen zinemaren erreferentea da. Bere lanik adierazgarrienen artean <\/span><i><span style=\"font-weight: 400;\">Serodiscordantes<\/span><\/i><span style=\"font-weight: 400;\"> (2019), <\/span><i><span style=\"font-weight: 400;\">The Seed <\/span><\/i><span style=\"font-weight: 400;\">(2018) eta <\/span><i><span style=\"font-weight: 400;\">Call Me a Ghost<\/span><\/i><span style=\"font-weight: 400;\"> (2017) daude.<\/span><\/p>\n<p><span style=\"font-weight: 400;\">Cineasta espa\u00f1ol y referente del cine adulto, afincado en Berl\u00ed\u00adn.Entre sus trabajos m\u00e1s representativos se encuentran <\/span><i><span style=\"font-weight: 400;\">Serodiscordantes<\/span><\/i><span style=\"font-weight: 400;\"> (2019), <\/span><i><span style=\"font-weight: 400;\">The Seed <\/span><\/i><span style=\"font-weight: 400;\">(2018) y <\/span><i><span style=\"font-weight: 400;\">Call Me a Ghost<\/span><\/i><span style=\"font-weight: 400;\"> (2017).<\/span>[\/vc_column_text][\/vc_column][\/vc_row][vc_row][vc_column][vc_separator color=&#8221;juicy_pink&#8221;][\/vc_column][\/vc_row][vc_row][vc_column width=&#8221;1\/4&#8243;][vc_column_text]<b>ECCBI <\/b><\/p>\n<p><b>4 de marzo \/ Viernes<\/b><\/p>\n<p><b>09:00-10:30<\/b>[\/vc_column_text][\/vc_column][vc_column width=&#8221;3\/4&#8243;][vc_column_text]<\/p>\n<h2><b>Music Library &amp; SFX e Incoproductions. Posibilidades de los mercados online para proyectos en creaci\u00f3n y el uso de librer\u00edas musicales.<\/b><\/h2>\n<p>Elementos a tener en cuenta y recursos musicales.[\/vc_column_text][\/vc_column][\/vc_row][vc_row][vc_column width=&#8221;1\/4&#8243;][vc_single_image image=&#8221;7496&#8243; img_size=&#8221;full&#8221; alignment=&#8221;center&#8221;][\/vc_column][vc_column width=&#8221;3\/4&#8243;][vc_column_text]<strong>CAROLINA BARCO<\/strong><\/p>\n<p><span style=\"font-weight: 400;\">Apasionada por contar y que le cuenten historias, hace unos a\u00f1os crea<\/span><a href=\"http:\/\/incoproduction.com\/\"> <span style=\"font-weight: 400;\">incoproduction.com<\/span><\/a><span style=\"font-weight: 400;\">, plataforma de matchmaking audiovisual para generar negocio entre los profesionales de la industria y as\u00ed\u00ad hacer realidad proyectos audiovisuales de todo el mundo.<\/span><\/p>\n<p>&nbsp;<\/p>\n<p>[\/vc_column_text][\/vc_column][\/vc_row][vc_row][vc_column width=&#8221;1\/4&#8243;][vc_single_image image=&#8221;7491&#8243; img_size=&#8221;full&#8221; alignment=&#8221;center&#8221;][\/vc_column][vc_column width=&#8221;3\/4&#8243;][vc_column_text]<\/p>\n<p><strong>PETER STEPHENS<\/strong><\/p>\n<p><span style=\"font-weight: 400;\">Socio de Music Library &amp; SFX, subeditor y representante en exclusiva para Espa\u00f1a del cat\u00e1logo de m\u00fasica de producco\u00f3n de Audio Network. Trabaja en la gesti\u00f3n de colaboraciones, la participaci\u00f3n de ML&amp;SFX\/Acorde (divisi\u00f3n de supervisi\u00f3n musical) en eventos y el desarrollo del cat\u00e1logo musical AltMusic.<\/span><\/p>\n<p>[\/vc_column_text][\/vc_column][\/vc_row]<\/p>\n<\/div>","protected":false},"excerpt":{"rendered":"<p>[vc_row][vc_column][vc_single_image image=&#8221;7150&#8243; img_size=&#8221;full&#8221;][vc_column_text] MASTERCLASS ZGPRO 2022 [\/vc_column_text][\/vc_column][\/vc_row][vc_row][vc_column width=&#8221;1\/4&#8243;][vc_column_text]TARTANGA 2 de marzo \/\u00a0Mi\u00e9rcoles\u00a0 \u00a0 \u00a0 10:00-11:30[\/vc_column_text][\/vc_column][vc_column width=&#8221;3\/4&#8243;][vc_column_text] Tratamiento de personajes trans en la creaci\u00f3n cinematogr\u00e1fica documental. [\/vc_column_text][\/vc_column][\/vc_row][vc_row][vc_column width=&#8221;1\/4&#8243;][vc_single_image image=&#8221;7492&#8243; img_size=&#8221;full&#8221; alignment=&#8221;center&#8221;][\/vc_column][vc_column width=&#8221;3\/4&#8243;][vc_column_text]CECILIA MONTAGUT Cineasta argentina afincada en Madrid. Ha dirigido los documentales Memoria y sexualidad de las mujeres bajo el franquismo (2010) y C\u00e1rceles bolleras. Resistencias [&hellip;]<\/p>\n","protected":false},"author":1,"featured_media":0,"parent":0,"menu_order":0,"comment_status":"closed","ping_status":"closed","template":"","meta":{"footnotes":""},"class_list":["post-7490","page","type-page","status-publish","hentry"],"_links":{"self":[{"href":"https:\/\/zinegoak.com\/en\/wp-json\/wp\/v2\/pages\/7490","targetHints":{"allow":["GET"]}}],"collection":[{"href":"https:\/\/zinegoak.com\/en\/wp-json\/wp\/v2\/pages"}],"about":[{"href":"https:\/\/zinegoak.com\/en\/wp-json\/wp\/v2\/types\/page"}],"author":[{"embeddable":true,"href":"https:\/\/zinegoak.com\/en\/wp-json\/wp\/v2\/users\/1"}],"replies":[{"embeddable":true,"href":"https:\/\/zinegoak.com\/en\/wp-json\/wp\/v2\/comments?post=7490"}],"version-history":[{"count":10,"href":"https:\/\/zinegoak.com\/en\/wp-json\/wp\/v2\/pages\/7490\/revisions"}],"predecessor-version":[{"id":7781,"href":"https:\/\/zinegoak.com\/en\/wp-json\/wp\/v2\/pages\/7490\/revisions\/7781"}],"wp:attachment":[{"href":"https:\/\/zinegoak.com\/en\/wp-json\/wp\/v2\/media?parent=7490"}],"curies":[{"name":"wp","href":"https:\/\/api.w.org\/{rel}","templated":true}]}}