{"id":7873,"date":"2022-02-25T06:38:54","date_gmt":"2022-02-25T05:38:54","guid":{"rendered":"https:\/\/zinegoak.com\/?page_id=7873"},"modified":"2022-04-23T08:56:43","modified_gmt":"2022-04-23T06:56:43","slug":"euskal-opil-hiztegia","status":"publish","type":"page","link":"https:\/\/zinegoak.com\/en\/euskal-opil-hiztegia\/","title":{"rendered":"EUSKAL OPIL HIZTEGIA"},"content":{"rendered":"<div class=\"wpb-content-wrapper\"><p>[vc_row][vc_column][vc_single_image image=&#8221;6807&#8243; img_size=&#8221;full&#8221; onclick=&#8221;custom_link&#8221; link=&#8221;https:\/\/zinegoak.com\/en\/euskal-opil-hiztegia\/&#8221;][vc_row_inner][vc_column_inner width=&#8221;1\/4&#8243;][vc_single_image image=&#8221;7875&#8243; img_size=&#8221;full&#8221; alignment=&#8221;center&#8221; onclick=&#8221;custom_link&#8221; link=&#8221;https:\/\/zinegoak.com\/nolaizanesanbollera_bizipenak\/&#8221;][\/vc_column_inner][vc_column_inner width=&#8221;1\/4&#8243;][vc_single_image image=&#8221;7876&#8243; img_size=&#8221;full&#8221; alignment=&#8221;center&#8221; onclick=&#8221;custom_link&#8221; link=&#8221;https:\/\/zinegoak.com\/nolaizanesanbollera_ekarpenak\/&#8221;][\/vc_column_inner][vc_column_inner width=&#8221;1\/4&#8243;][vc_single_image image=&#8221;7877&#8243; img_size=&#8221;full&#8221; alignment=&#8221;center&#8221; onclick=&#8221;custom_link&#8221; link=&#8221;https:\/\/zinegoak.com\/nolaesanizanbollera_hitzak\/&#8221;][\/vc_column_inner][vc_column_inner width=&#8221;1\/4&#8243;][vc_single_image image=&#8221;7878&#8243; img_size=&#8221;full&#8221; alignment=&#8221;center&#8221; onclick=&#8221;custom_link&#8221; link=&#8221;https:\/\/zinegoak.com\/en\/nolaizanesanbollera_sorkuntza\/&#8221;][\/vc_column_inner][\/vc_row_inner][\/vc_column][\/vc_row][vc_row][vc_column][vc_row_inner][vc_column_inner width=&#8221;2\/3&#8243;][vc_column_text]Nola esaten dugu &#8220;lesbiana&#8221; euskaraz? Nola izendatzen dugu gure burua, gure praktika, gure subjektu politikoa? Eta kontuan izanik euskara minorizatuta dagoela, egoera diglosikoan, zapaldua, zer pentsatzen edo sentitzen dugu erdal maileguak erabiltzean? Egin dugu inoiz saiakera pertsonalki edo kolektiboki euskarazko hitzak topatzeko edo sortzeko?<\/p>\n<p>Hala bada, zeintzuk izan dira emaitzak?<\/p>\n<p>Galdera horietatik abiatuta, euskal idazleen, itzultzaileen, bertsolarien eta aktibisten ekarpenak plazaratuko ditugu; Itxaro Borda, Aitor Arana eta Amaia Alvarez Uriaren ekarpenetan oinarritutako glosario bat zabalduko dugu eta bollo bertso saioaz gozatuko dugu.<\/p>\n<hr \/>\n<p><strong>AMAIA ALVAREZ URIA:<\/strong> Irakaslea. Sareinak eta Katalinak bizikletan taldeetako kidea. Argia aldizkariko literatur kritikaria. &#8220;Gorputza eta generoa, Desira desordenatuak&#8221; eta &#8220;Genero ariketak&#8221; liburuetako egileetako bat. \u201cEuskararen erabilera ez sexista\u201d eta \u201cDiskurtsoa eta generoa\u201d saioen hizlaria Emaginek, Urtxintxak eta bestek antolatutako ikastaroetan.<\/p>\n<p><strong>JUNE FERNANDEZ:<\/strong> Kazetaria. Pikara Magazine aldizkari feministaren sortzailea. Argia eta Ttap aldizkarietan zutabegilea. &#8220;10 ingobernables&#8221; eta &#8220;Abrir el mel\u00f3n&#8221; liburuak argitaratu ditu. \u201cEuskararen erabilera inklusiboa\u201d gidaren egilea da (UPV\/EHU). Larrabetzuko Zutunik! talde feministako eta Histeria Kolektiboak bultzatutako \u201cAmatasun bolloak\u201d egitasmoko kidea da.<\/p>\n<hr \/>\n<p>&nbsp;<\/p>\n<p>Koordinatzaileak: <strong>June Fernandez eta\u00a0<\/strong><strong>Amaia Alvarez Uria<\/strong><\/p>\n<p>Diseinua: <strong>Kalaka<\/strong><\/p>\n<p>Produkzioa: <strong>Mar\u00eda Salazar Ria\u00f1o &#8211; Histeria Kolektiboa<\/strong><\/p>\n<p>Itzulpenak: <strong>Saretik<\/strong><\/p>\n<p>Urtea: <strong>2021 &#8211; 2022<\/strong>[\/vc_column_text][\/vc_column_inner][vc_column_inner width=&#8221;1\/3&#8243;][vc_column_text]<\/p>\n<h2 style=\"text-align: center;\"><em><strong>Ekarpenak egin dituzte:<\/strong><\/em><\/h2>\n<p style=\"text-align: center;\"><strong>Bizipenak:<\/strong> Izaskun Aranbarri; Maren Zubeldia (Zinegoak); Maite Irazabal (Bizkaiko Lesbianen Kolektiboa); Josune Ortiz eta Ana Jaka (Lumatza); Irati Leon (B.A.L.A.); 7menos20 taldea; Garazi\/Gatx Eizagirre; Nagore Zuazo; Argi Lertxundi; Nahia Urdanpileta eta Batirtze Lertxundi (OihuK).<\/p>\n<p style=\"text-align: center;\"><strong>Ekarpenak:<\/strong> Ainara Artetxe, Josune Ortiz, Ainara Sarasketa, Arrate Hidalgo, Irati Leon, Danele Sarriugarte, Ana I. Morales, Fermintxo Zabaltza, Amaia Agirre, Eli Pagola, Ana Jaka, Ainhoa G\u00fcemes, Pilon Mendibil, Dom Campistron, Mar\u00eda Mur, Alaine Agirre, Maialen Arzallus eta Xabier Sukia.<\/p>\n<p style=\"text-align: center;\"><strong>Sorkuntza:<\/strong> Amaia Agirre, Ana Jaka, Dom Campistron, Danele Sarriugarte, Susanna Martin, Itxaro Borda, Ainhoa G\u00fcemes, Pottors ta Klito, Eva P\u00e9rez-Pons, Elena Olave, Oihana Arana, Leire Vargas eta Lizar Bego\u00f1a.<\/p>\n<p>[\/vc_column_text][vc_column_text]<\/p>\n<h2 style=\"text-align: center;\"><em><strong>Deskargatzeko materiala:<\/strong><\/em><\/h2>\n<p>[\/vc_column_text][vc_btn title=&#8221;pdf formatua&#8221; color=&#8221;green&#8221; link=&#8221;url:https%3A%2F%2Fzinegoak.com%2Fwp-content%2Fuploads%2F2017%2F02%2FNola-izan-esan-bollera_diptikoa.pdf|||&#8221;][vc_btn title=&#8221;jpg formatuan&#8221; color=&#8221;green&#8221; link=&#8221;url:https%3A%2F%2Fzinegoak.com%2Fnolaizanesanbollera%2Fnolaizanesanbollera.zip|||&#8221;][\/vc_column_inner][\/vc_row_inner][\/vc_column][\/vc_row][vc_section full_width=&#8221;stretch_row&#8221; css=&#8221;.vc_custom_1614959682540{padding-bottom: 20px !important;background-image: url(https:\/\/zinegoak.com\/wp-content\/uploads\/2021\/02\/fondo_bollo.jpg?id=6808) !important;background-position: center !important;background-repeat: no-repeat !important;background-size: cover !important;}&#8221;][vc_row][vc_column][vc_single_image image=&#8221;6832&#8243; img_size=&#8221;full&#8221; alignment=&#8221;center&#8221;][\/vc_column][\/vc_row][\/vc_section][vc_section full_width=&#8221;stretch_row&#8221; css=&#8221;.vc_custom_1614959649524{padding-bottom: 50px !important;background-image: url(https:\/\/zinegoak.com\/wp-content\/uploads\/2021\/02\/fondo_bollo.jpg?id=6808) !important;background-position: center !important;background-repeat: no-repeat !important;background-size: cover !important;}&#8221;][vc_row css=&#8221;.vc_custom_1614274054076{background-color: #ffffff !important;}&#8221;][vc_column][vc_column_text]<\/p>\n<h1><b>Iturri bibliografikoak:\u00a0<\/b><\/h1>\n<p><span style=\"font-weight: 400;\">Alvarez Uria, Amaia (2013): <\/span><i><span style=\"font-weight: 400;\">Genero-ariketak<\/span><\/i><span style=\"font-weight: 400;\">. EDO! obra kolektiboan argitaratutako glosarioa.<\/span><\/p>\n<p><span style=\"font-weight: 400;\">Arana, Aitor (2005): <\/span><i><span style=\"font-weight: 400;\">Gay hiztegia<\/span><\/i><span style=\"font-weight: 400;\">. Txalaparta<\/span><\/p>\n<p><span style=\"font-weight: 400;\">Definizio ugari moldatu ditugu edo guk geuk proiektu honen baitan sortu ditugu. Horrek erakusten du euskal komunitateak ez duela beharra sentitu LGTBIQ hiztegia edo glosategia osatzeko orain arte. Edo\/eta LGTBIQ komunitatearentzat ez dela lehentasuna izan euskaraz haien burua izendatzea. Gai honen inguruko hausnarketa egiteko proposamena luzatu nahi dugu egindako lan honekin. Era berean, sexualitateari buruzko definizioak transinklusiboak ez diren kezka dugu. Erronka bat ikusten dugu hor.\u00a0<\/span>[\/vc_column_text][\/vc_column][\/vc_row][\/vc_section]<\/p>\n<\/div>","protected":false},"excerpt":{"rendered":"<p>[vc_row][vc_column][vc_single_image image=&#8221;6807&#8243; img_size=&#8221;full&#8221; onclick=&#8221;custom_link&#8221; link=&#8221;https:\/\/zinegoak.com\/en\/euskal-opil-hiztegia\/&#8221;][vc_row_inner][vc_column_inner width=&#8221;1\/4&#8243;][vc_single_image image=&#8221;7875&#8243; img_size=&#8221;full&#8221; alignment=&#8221;center&#8221; onclick=&#8221;custom_link&#8221; link=&#8221;https:\/\/zinegoak.com\/nolaizanesanbollera_bizipenak\/&#8221;][\/vc_column_inner][vc_column_inner width=&#8221;1\/4&#8243;][vc_single_image image=&#8221;7876&#8243; img_size=&#8221;full&#8221; alignment=&#8221;center&#8221; onclick=&#8221;custom_link&#8221; link=&#8221;https:\/\/zinegoak.com\/nolaizanesanbollera_ekarpenak\/&#8221;][\/vc_column_inner][vc_column_inner width=&#8221;1\/4&#8243;][vc_single_image image=&#8221;7877&#8243; img_size=&#8221;full&#8221; alignment=&#8221;center&#8221; onclick=&#8221;custom_link&#8221; link=&#8221;https:\/\/zinegoak.com\/nolaesanizanbollera_hitzak\/&#8221;][\/vc_column_inner][vc_column_inner width=&#8221;1\/4&#8243;][vc_single_image image=&#8221;7878&#8243; img_size=&#8221;full&#8221; alignment=&#8221;center&#8221; onclick=&#8221;custom_link&#8221; link=&#8221;https:\/\/zinegoak.com\/en\/nolaizanesanbollera_sorkuntza\/&#8221;][\/vc_column_inner][\/vc_row_inner][\/vc_column][\/vc_row][vc_row][vc_column][vc_row_inner][vc_column_inner width=&#8221;2\/3&#8243;][vc_column_text]Nola esaten dugu &#8220;lesbiana&#8221; euskaraz? Nola izendatzen dugu gure burua, gure praktika, gure subjektu politikoa? Eta kontuan izanik euskara minorizatuta dagoela, egoera diglosikoan, zapaldua, zer pentsatzen [&hellip;]<\/p>\n","protected":false},"author":1,"featured_media":0,"parent":0,"menu_order":0,"comment_status":"closed","ping_status":"closed","template":"","meta":{"footnotes":""},"class_list":["post-7873","page","type-page","status-publish","hentry"],"_links":{"self":[{"href":"https:\/\/zinegoak.com\/en\/wp-json\/wp\/v2\/pages\/7873","targetHints":{"allow":["GET"]}}],"collection":[{"href":"https:\/\/zinegoak.com\/en\/wp-json\/wp\/v2\/pages"}],"about":[{"href":"https:\/\/zinegoak.com\/en\/wp-json\/wp\/v2\/types\/page"}],"author":[{"embeddable":true,"href":"https:\/\/zinegoak.com\/en\/wp-json\/wp\/v2\/users\/1"}],"replies":[{"embeddable":true,"href":"https:\/\/zinegoak.com\/en\/wp-json\/wp\/v2\/comments?post=7873"}],"version-history":[{"count":13,"href":"https:\/\/zinegoak.com\/en\/wp-json\/wp\/v2\/pages\/7873\/revisions"}],"predecessor-version":[{"id":8100,"href":"https:\/\/zinegoak.com\/en\/wp-json\/wp\/v2\/pages\/7873\/revisions\/8100"}],"wp:attachment":[{"href":"https:\/\/zinegoak.com\/en\/wp-json\/wp\/v2\/media?parent=7873"}],"curies":[{"name":"wp","href":"https:\/\/api.w.org\/{rel}","templated":true}]}}