{"id":7949,"date":"2022-02-28T12:58:48","date_gmt":"2022-02-28T11:58:48","guid":{"rendered":"https:\/\/zinegoak.com\/?page_id=7949"},"modified":"2022-03-02T12:04:12","modified_gmt":"2022-03-02T11:04:12","slug":"zgpro-wip","status":"publish","type":"page","link":"https:\/\/zinegoak.com\/en\/zgpro-wip\/","title":{"rendered":"ZGPRO\/WIP"},"content":{"rendered":"<div class=\"wpb-content-wrapper\"><p>[vc_row][vc_column][vc_single_image image=&#8221;7150&#8243; img_size=&#8221;full&#8221; alignment=&#8221;center&#8221;][vc_column_text]<\/p>\n<h1 style=\"text-align: center;\">ZGPRO\/WIP<\/h1>\n<h2 style=\"text-align: center;\">PROYECTOS SELECCIONADOS<\/h2>\n<p>[\/vc_column_text][vc_row_inner][vc_column_inner width=&#8221;2\/3&#8243;][vc_column_text]<strong>ALTERITATS<\/strong><br \/>\nDir:Nora Haddad &amp; Alba Cros<br \/>\nUn documental que recoge la voz de la diversidad de vivencias lesbianas.[\/vc_column_text][vc_separator][\/vc_column_inner][vc_column_inner width=&#8221;1\/3&#8243;][vc_single_image image=&#8221;7950&#8243; img_size=&#8221;full&#8221; alignment=&#8221;center&#8221;][\/vc_column_inner][\/vc_row_inner][vc_row_inner][vc_column_inner width=&#8221;2\/3&#8243;][vc_column_text]<strong>CONSUELO<\/strong><br \/>\n<span style=\"font-weight: 400;\">Dir: Nicol\u00e1s Pacheco<\/span><br \/>\n<span style=\"font-weight: 400;\">Mayores que no quieren volver al armario<\/span>[\/vc_column_text][vc_separator][\/vc_column_inner][vc_column_inner width=&#8221;1\/3&#8243;][vc_single_image image=&#8221;7951&#8243; img_size=&#8221;full&#8221; alignment=&#8221;center&#8221;][\/vc_column_inner][\/vc_row_inner][vc_row_inner][vc_column_inner width=&#8221;2\/3&#8243;][vc_column_text]<strong>ESA NO SOY YO<\/strong><br \/>\n<span style=\"font-weight: 400;\">Dir: Laura Gantes<\/span><br \/>\n<span style=\"font-weight: 400;\">Un musical acerca del primer bar l\u00e9sbico que existi\u00f3 en Espa\u00f1a.<\/span>[\/vc_column_text][vc_separator][\/vc_column_inner][vc_column_inner width=&#8221;1\/3&#8243;][vc_single_image image=&#8221;7954&#8243; img_size=&#8221;full&#8221; alignment=&#8221;center&#8221;][\/vc_column_inner][\/vc_row_inner][vc_row_inner][vc_column_inner width=&#8221;2\/3&#8243;][vc_column_text]<strong>IRU\u00d1A KIKIBAL VOGUE&amp;LIBERTAD<\/strong><br \/>\n<span style=\"font-weight: 400;\" data-rich-links=\"{&quot;per_n&quot;:&quot;Iker Oiz Elgorriaga&quot;,&quot;per_e&quot;:&quot;ikeroiz@gmail.com&quot;,&quot;type&quot;:&quot;person&quot;}\">Dir: Iker Oiz Elgorriaga<\/span><br \/>\n<span style=\"font-weight: 400;\">Vogue y cultura ball en Iru\u00f1ea\/Pamplona; explosi\u00f3n de danza, comunidad, empoderamiento y diversidad LGBT+.<\/span>[\/vc_column_text][vc_separator][\/vc_column_inner][vc_column_inner width=&#8221;1\/3&#8243;][vc_single_image image=&#8221;7955&#8243; img_size=&#8221;full&#8221; alignment=&#8221;center&#8221;][\/vc_column_inner][\/vc_row_inner][vc_row_inner][vc_column_inner width=&#8221;2\/3&#8243;][vc_column_text]<strong>LA AMIGA DE MI AMIGA<\/strong><br \/>\n<span style=\"font-weight: 400;\">Dir: Zaida Carmona Jim\u00e9nez<\/span><br \/>\n<span style=\"font-weight: 400;\">Una dramedia de enredos l\u00e9sbica a cinco bandas. Un cuento moral que sucede en las calles y los ba\u00f1os de Barcelona.<\/span>[\/vc_column_text][vc_separator][\/vc_column_inner][vc_column_inner width=&#8221;1\/3&#8243;][vc_single_image image=&#8221;7956&#8243; img_size=&#8221;full&#8221; alignment=&#8221;center&#8221;][\/vc_column_inner][\/vc_row_inner][vc_row_inner][vc_column_inner width=&#8221;2\/3&#8243;][vc_column_text]<strong>LAS CHICAS DEL POL\u00cdGONO<\/strong><br \/>\nDir: Cecilia Montagut Acosta<br \/>\n<span style=\"font-weight: 400;\">Un grupo de mujeres migrantes ejerce la prostituci\u00f3n en un pol\u00edgono de Madrid. Sin alternativas laborales son perseguidas como delincuentes.<\/span>[\/vc_column_text][vc_separator][\/vc_column_inner][vc_column_inner width=&#8221;1\/3&#8243;][vc_single_image image=&#8221;7957&#8243; img_size=&#8221;full&#8221; alignment=&#8221;center&#8221;][\/vc_column_inner][\/vc_row_inner][vc_row_inner][vc_column_inner width=&#8221;2\/3&#8243;][vc_column_text]<strong>MUJERES, UNA ODA BUTCH<\/strong><\/p>\n<p><span style=\"font-weight: 400;\">Dir: Lola Clavo<\/span><\/p>\n<p><span style=\"font-weight: 400;\">Camionera, butch, machorra, marimacho, tomboy. \u2018Mujeres, una oda butch\u2019 es una oda a la mujer que desaf\u00eda las normas de la feminidad.<\/span>[\/vc_column_text][vc_separator][\/vc_column_inner][vc_column_inner width=&#8221;1\/3&#8243;][vc_single_image image=&#8221;7958&#8243; img_size=&#8221;full&#8221; alignment=&#8221;center&#8221;][\/vc_column_inner][\/vc_row_inner][\/vc_column][\/vc_row]<\/p>\n<\/div>","protected":false},"excerpt":{"rendered":"<p>[vc_row][vc_column][vc_single_image image=&#8221;7150&#8243; img_size=&#8221;full&#8221; alignment=&#8221;center&#8221;][vc_column_text] ZGPRO\/WIP PROYECTOS SELECCIONADOS [\/vc_column_text][vc_row_inner][vc_column_inner width=&#8221;2\/3&#8243;][vc_column_text]ALTERITATS Dir:Nora Haddad &amp; Alba Cros Un documental que recoge la voz de la diversidad de vivencias lesbianas.[\/vc_column_text][vc_separator][\/vc_column_inner][vc_column_inner width=&#8221;1\/3&#8243;][vc_single_image image=&#8221;7950&#8243; img_size=&#8221;full&#8221; alignment=&#8221;center&#8221;][\/vc_column_inner][\/vc_row_inner][vc_row_inner][vc_column_inner width=&#8221;2\/3&#8243;][vc_column_text]CONSUELO Dir: Nicol\u00e1s Pacheco Mayores que no quieren volver al armario[\/vc_column_text][vc_separator][\/vc_column_inner][vc_column_inner width=&#8221;1\/3&#8243;][vc_single_image image=&#8221;7951&#8243; img_size=&#8221;full&#8221; alignment=&#8221;center&#8221;][\/vc_column_inner][\/vc_row_inner][vc_row_inner][vc_column_inner width=&#8221;2\/3&#8243;][vc_column_text]ESA NO SOY YO Dir: Laura Gantes Un musical acerca [&hellip;]<\/p>\n","protected":false},"author":1,"featured_media":0,"parent":0,"menu_order":0,"comment_status":"closed","ping_status":"closed","template":"","meta":{"footnotes":""},"class_list":["post-7949","page","type-page","status-publish","hentry"],"_links":{"self":[{"href":"https:\/\/zinegoak.com\/en\/wp-json\/wp\/v2\/pages\/7949","targetHints":{"allow":["GET"]}}],"collection":[{"href":"https:\/\/zinegoak.com\/en\/wp-json\/wp\/v2\/pages"}],"about":[{"href":"https:\/\/zinegoak.com\/en\/wp-json\/wp\/v2\/types\/page"}],"author":[{"embeddable":true,"href":"https:\/\/zinegoak.com\/en\/wp-json\/wp\/v2\/users\/1"}],"replies":[{"embeddable":true,"href":"https:\/\/zinegoak.com\/en\/wp-json\/wp\/v2\/comments?post=7949"}],"version-history":[{"count":4,"href":"https:\/\/zinegoak.com\/en\/wp-json\/wp\/v2\/pages\/7949\/revisions"}],"predecessor-version":[{"id":7975,"href":"https:\/\/zinegoak.com\/en\/wp-json\/wp\/v2\/pages\/7949\/revisions\/7975"}],"wp:attachment":[{"href":"https:\/\/zinegoak.com\/en\/wp-json\/wp\/v2\/media?parent=7949"}],"curies":[{"name":"wp","href":"https:\/\/api.w.org\/{rel}","templated":true}]}}